{"id":875,"date":"2024-04-11T06:44:48","date_gmt":"2024-04-11T13:44:48","guid":{"rendered":"https:\/\/shayanfirm.com\/?page_id=875"},"modified":"2024-04-23T07:28:01","modified_gmt":"2024-04-23T14:28:01","slug":"kamyar-shayan","status":"publish","type":"page","link":"https:\/\/shayanfirm.com\/es\/kamyar-shayan\/","title":{"rendered":"Kamyar R. Shayan"},"content":{"rendered":"<p>&nbsp;<\/p>\n<p>&nbsp;<\/p>\n<h2><span style=\"color: #0f1c41;\"><strong>\u00c1reas de Pr\u00e1ctica<\/strong><\/span><\/h2>\n<p><strong>Kamyar R. Shayan, Esq.<\/strong> es el socio principal en las Oficinas Legales de Kamyar R. Shayan, ubicadas en el coraz\u00f3n de Los \u00c1ngeles, CA.<\/p>\n<p>Su pr\u00e1ctica se dedica a representar a individuos en un amplio espectro de casos de accidentes y lesiones. Esto incluye, pero no se limita a, accidentes de autom\u00f3viles, accidentes de camiones, accidentes de motocicletas y bicicletas, accidentes de peatones y otros asuntos de lesiones personales. Su compromiso es abogar por aquellos que han sido lesionados sin culpa alguna de su parte.<\/p>\n<p><img fetchpriority=\"high\" decoding=\"async\" class=\"alignright wp-image-690 size-full\" src=\"http:\/\/shayanfirm.com\/wp-content\/uploads\/2023\/12\/kamyar_shayan_portrait_302x403.jpg\" alt=\"Kamyar Shayan\" width=\"302\" height=\"403\" srcset=\"https:\/\/shayanfirm.com\/wp-content\/uploads\/2023\/12\/kamyar_shayan_portrait_302x403.jpg 302w, https:\/\/shayanfirm.com\/wp-content\/uploads\/2023\/12\/kamyar_shayan_portrait_302x403-225x300.jpg 225w\" sizes=\"(max-width: 302px) 100vw, 302px\" \/><\/p>\n<h2><span style=\"color: #0f1c41;\">Biograf\u00eda Profesional<\/span><\/h2>\n<p>Durante su \u00e9poca en la facultad de derecho, el Sr. Shayan fue captado por el prestigioso bufete de abogados LaFollette, Johnson, DeHass, Fesler, &amp; Ames en Los \u00c1ngeles, donde perfeccion\u00f3 sus habilidades en litigios, enfoc\u00e1ndose en defender a profesionales de la salud y compa\u00f1\u00edas de seguros. En 2004, llev\u00f3 su experiencia a Wilson, Elser, Moskowitz, Edelman &amp; Dicker, el bufete l\u00edder en defensa de seguros de la naci\u00f3n, desempe\u00f1\u00e1ndose como litigante de juicios. Aqu\u00ed, represent\u00f3 a algunas de las empresas m\u00e1s grandes del mundo en tribunales estatales y federales.<\/p>\n<p>Sin embargo, la pasi\u00f3n del Sr. Shayan no estaba en ayudar a las compa\u00f1\u00edas de seguros a ahorrar dinero a expensas de los individuos lesionados. Esta realizaci\u00f3n lo llev\u00f3 a establecer su propia pr\u00e1ctica, justo enfrente de su anterior firma, ahora dedicada a luchar por los desfavorecidos. Desde entonces, el Sr. Shayan ha dedicado su carrera a asegurar justicia y compensaciones financieras significativas para sus clientes, habiendo ganado exitosamente millones de d\u00f3lares en acuerdos y juicios.<\/p>\n<p>Un defensor extremadamente efectivo e incansable, el Sr. Shayan obtiene el m\u00e1ximo beneficio para sus clientes. A lo largo de su carrera, ha obtenido resultados \u00f3ptimos en una amplia gama de casos de lesiones accidentales y muerte, con valores que superan con creces los millones. Independientemente del tama\u00f1o del caso o la gravedad de las lesiones, nunca se conforma con menos de lo que su cliente merece.<\/p>\n<p>No dejando piedra sin mover, el Sr. Shayan aborda cada caso con un peine fino, buscando formas de maximizar la recuperaci\u00f3n potencial de su cliente. Tan ingenioso como minucioso, su meticulosa preparaci\u00f3n para cada caso implica una estrategia de investigaci\u00f3n comprensiva, utilizando investigadores privados, expertos en reconstrucci\u00f3n de accidentes, expertos en p\u00e9rdidas econ\u00f3micas y otros profesionales para fortalecer las reclamaciones de sus clientes con evidencia s\u00f3lida y argumentos legales convincentes. Sabe c\u00f3mo presionar a las compa\u00f1\u00edas de seguros y lograr que aumenten sus ofertas de acuerdo iniciales, a veces por otro d\u00edgito o dos.<\/p>\n<p>En el n\u00facleo de su pr\u00e1ctica, el Sr. Shayan valora la relaci\u00f3n individual con cada cliente, proporcionando atenci\u00f3n personalizada y yendo m\u00e1s all\u00e1 para satisfacer sus necesidades. Es conocido por su disposici\u00f3n para visitar a los clientes en sus hogares o hospitales, asegurando que reciban el cuidado y respeto que merecen durante su proceso de recuperaci\u00f3n. El Sr. Shayan comprende los efectos que las lesiones en estos tipos de casos pueden tener en las v\u00edctimas y sus familias, raz\u00f3n por la cual cultiva una cultura de respeto mutuo, cuidado y comprensi\u00f3n para los clientes en su firma.<\/p>\n<p>Cuando el Sr. Shayan no est\u00e1 trabajando en la oficina o pasando tiempo con su familia, est\u00e1 aprendiendo y estudiando nuevos desarrollos en la ley de lesiones personales. Cree firmemente que un abogado nunca debe dejar de mejorar si desea mantener la calidad de su pr\u00e1ctica y los servicios que proporciona a sus clientes.<\/p>\n<h2>Curr\u00edculum Vitae<\/h2>\n<p>El Sr. Shayan tiene un distinguido historial de \u00e9xitos en juicios y arbitrajes en los Tribunales Superiores de California y es un miembro respetado del Colegio de Abogados del Estado de California. Est\u00e1 admitido para ejercer en todos los Tribunales de Distrito de Estados Unidos a trav\u00e9s de California.<\/p>\n<p><strong>Educaci\u00f3n<\/strong><\/p>\n<ul>\n<li><a href=\"http:\/\/www.lls.edu\">Loyola Law School<\/a>, Doctor en Jurisprudencia, 2003<\/li>\n<li><a href=\"http:\/\/www.ucla.edu\"> Universidad de California en Los \u00c1ngeles<\/a>, Licenciatura en Artes, 1998<\/li>\n<\/ul>\n<p>&nbsp;<\/p>\n<p>&nbsp;<\/p>\n<p>&nbsp;<\/p>","protected":false},"excerpt":{"rendered":"<p>&nbsp; &nbsp; Areas of Practice Kamyar R. Shayan, Esq. is the leading partner at the Law Offices of Kamyar R. Shayan, located in the heart of Los Angeles, CA. His practice is dedicated to representing individuals in a broad spectrum of accident and injury cases. This includes, but is not limited to, automobile accidents, truck&hellip; <a class=\"continue\" href=\"https:\/\/shayanfirm.com\/es\/kamyar-shayan\/\">Continue Reading<span> Kamyar R. Shayan<\/span><\/a><\/p>","protected":false},"author":2,"featured_media":0,"parent":0,"menu_order":0,"comment_status":"closed","ping_status":"closed","template":"","meta":{"_monsterinsights_skip_tracking":false,"_monsterinsights_sitenote_active":false,"_monsterinsights_sitenote_note":"","_monsterinsights_sitenote_category":0,"_uf_show_specific_survey":0,"_uf_disable_surveys":false,"footnotes":""},"class_list":["post-875","page","type-page","status-publish","hentry"],"yoast_head":"<!-- This site is optimized with the Yoast SEO plugin v27.3 - https:\/\/yoast.com\/product\/yoast-seo-wordpress\/ -->\n<title>Kamyar R. Shayan - Shayan Law Firm<\/title>\n<meta name=\"robots\" content=\"index, follow, max-snippet:-1, max-image-preview:large, max-video-preview:-1\" \/>\n<link rel=\"canonical\" href=\"https:\/\/shayanfirm.com\/es\/kamyar-shayan\/\" \/>\n<meta property=\"og:locale\" content=\"es_MX\" \/>\n<meta property=\"og:type\" content=\"article\" \/>\n<meta property=\"og:title\" content=\"Kamyar R. Shayan - Shayan Law Firm\" \/>\n<meta property=\"og:description\" content=\"&nbsp; &nbsp; Areas of Practice Kamyar R. Shayan, Esq. is the leading partner at the Law Offices of Kamyar R. Shayan, located in the heart of Los Angeles, CA. His practice is dedicated to representing individuals in a broad spectrum of accident and injury cases. This includes, but is not limited to, automobile accidents, truck&hellip; Continue Reading Kamyar R. Shayan\" \/>\n<meta property=\"og:url\" content=\"https:\/\/shayanfirm.com\/es\/kamyar-shayan\/\" \/>\n<meta property=\"og:site_name\" content=\"Shayan Law Firm\" \/>\n<meta property=\"article:modified_time\" content=\"2024-04-23T14:28:01+00:00\" \/>\n<meta property=\"og:image\" content=\"http:\/\/shayanfirm.com\/wp-content\/uploads\/2023\/12\/kamyar_shayan_portrait_302x403.jpg\" \/>\n<meta name=\"twitter:card\" content=\"summary_large_image\" \/>\n<meta name=\"twitter:label1\" content=\"Tiempo de lectura\" \/>\n\t<meta name=\"twitter:data1\" content=\"3 minutos\" \/>\n<script type=\"application\/ld+json\" class=\"yoast-schema-graph\">{\"@context\":\"https:\\\/\\\/schema.org\",\"@graph\":[{\"@type\":\"WebPage\",\"@id\":\"https:\\\/\\\/shayanfirm.com\\\/kamyar-shayan\\\/\",\"url\":\"https:\\\/\\\/shayanfirm.com\\\/kamyar-shayan\\\/\",\"name\":\"Kamyar R. Shayan - Shayan Law Firm\",\"isPartOf\":{\"@id\":\"https:\\\/\\\/shayanfirm.com\\\/#website\"},\"primaryImageOfPage\":{\"@id\":\"https:\\\/\\\/shayanfirm.com\\\/kamyar-shayan\\\/#primaryimage\"},\"image\":{\"@id\":\"https:\\\/\\\/shayanfirm.com\\\/kamyar-shayan\\\/#primaryimage\"},\"thumbnailUrl\":\"http:\\\/\\\/shayanfirm.com\\\/wp-content\\\/uploads\\\/2023\\\/12\\\/kamyar_shayan_portrait_302x403.jpg\",\"datePublished\":\"2024-04-11T13:44:48+00:00\",\"dateModified\":\"2024-04-23T14:28:01+00:00\",\"breadcrumb\":{\"@id\":\"https:\\\/\\\/shayanfirm.com\\\/kamyar-shayan\\\/#breadcrumb\"},\"inLanguage\":\"es\",\"potentialAction\":[{\"@type\":\"ReadAction\",\"target\":[\"https:\\\/\\\/shayanfirm.com\\\/kamyar-shayan\\\/\"]}]},{\"@type\":\"ImageObject\",\"inLanguage\":\"es\",\"@id\":\"https:\\\/\\\/shayanfirm.com\\\/kamyar-shayan\\\/#primaryimage\",\"url\":\"http:\\\/\\\/shayanfirm.com\\\/wp-content\\\/uploads\\\/2023\\\/12\\\/kamyar_shayan_portrait_302x403.jpg\",\"contentUrl\":\"http:\\\/\\\/shayanfirm.com\\\/wp-content\\\/uploads\\\/2023\\\/12\\\/kamyar_shayan_portrait_302x403.jpg\"},{\"@type\":\"BreadcrumbList\",\"@id\":\"https:\\\/\\\/shayanfirm.com\\\/kamyar-shayan\\\/#breadcrumb\",\"itemListElement\":[{\"@type\":\"ListItem\",\"position\":1,\"name\":\"Home\",\"item\":\"https:\\\/\\\/shayanfirm.com\\\/\"},{\"@type\":\"ListItem\",\"position\":2,\"name\":\"Kamyar R. Shayan\"}]},{\"@type\":\"WebSite\",\"@id\":\"https:\\\/\\\/shayanfirm.com\\\/#website\",\"url\":\"https:\\\/\\\/shayanfirm.com\\\/\",\"name\":\"Shayan Law Firm\",\"description\":\"\",\"publisher\":{\"@id\":\"https:\\\/\\\/shayanfirm.com\\\/#organization\"},\"alternateName\":\"Law Offices of Kamyar R. Shayan\",\"potentialAction\":[{\"@type\":\"SearchAction\",\"target\":{\"@type\":\"EntryPoint\",\"urlTemplate\":\"https:\\\/\\\/shayanfirm.com\\\/?s={search_term_string}\"},\"query-input\":{\"@type\":\"PropertyValueSpecification\",\"valueRequired\":true,\"valueName\":\"search_term_string\"}}],\"inLanguage\":\"es\"},{\"@type\":\"Organization\",\"@id\":\"https:\\\/\\\/shayanfirm.com\\\/#organization\",\"name\":\"Law Offices of Kamyar R. Shayan\",\"url\":\"https:\\\/\\\/shayanfirm.com\\\/\",\"logo\":{\"@type\":\"ImageObject\",\"inLanguage\":\"es\",\"@id\":\"https:\\\/\\\/shayanfirm.com\\\/#\\\/schema\\\/logo\\\/image\\\/\",\"url\":\"https:\\\/\\\/shayanfirm.com\\\/wp-content\\\/uploads\\\/2023\\\/12\\\/seologo.jpg\",\"contentUrl\":\"https:\\\/\\\/shayanfirm.com\\\/wp-content\\\/uploads\\\/2023\\\/12\\\/seologo.jpg\",\"width\":558,\"height\":558,\"caption\":\"Law Offices of Kamyar R. Shayan\"},\"image\":{\"@id\":\"https:\\\/\\\/shayanfirm.com\\\/#\\\/schema\\\/logo\\\/image\\\/\"}}]}<\/script>\n<!-- \/ Yoast SEO plugin. -->","yoast_head_json":{"title":"Kamyar R. Shayan - Shayan Law Firm","robots":{"index":"index","follow":"follow","max-snippet":"max-snippet:-1","max-image-preview":"max-image-preview:large","max-video-preview":"max-video-preview:-1"},"canonical":"https:\/\/shayanfirm.com\/es\/kamyar-shayan\/","og_locale":"es_MX","og_type":"article","og_title":"Kamyar R. Shayan - Shayan Law Firm","og_description":"&nbsp; &nbsp; Areas of Practice Kamyar R. Shayan, Esq. is the leading partner at the Law Offices of Kamyar R. Shayan, located in the heart of Los Angeles, CA. His practice is dedicated to representing individuals in a broad spectrum of accident and injury cases. This includes, but is not limited to, automobile accidents, truck&hellip; Continue Reading Kamyar R. Shayan","og_url":"https:\/\/shayanfirm.com\/es\/kamyar-shayan\/","og_site_name":"Shayan Law Firm","article_modified_time":"2024-04-23T14:28:01+00:00","og_image":[{"url":"http:\/\/shayanfirm.com\/wp-content\/uploads\/2023\/12\/kamyar_shayan_portrait_302x403.jpg","type":"","width":"","height":""}],"twitter_card":"summary_large_image","twitter_misc":{"Tiempo de lectura":"3 minutos"},"schema":{"@context":"https:\/\/schema.org","@graph":[{"@type":"WebPage","@id":"https:\/\/shayanfirm.com\/kamyar-shayan\/","url":"https:\/\/shayanfirm.com\/kamyar-shayan\/","name":"Kamyar R. Shayan - Shayan Law Firm","isPartOf":{"@id":"https:\/\/shayanfirm.com\/#website"},"primaryImageOfPage":{"@id":"https:\/\/shayanfirm.com\/kamyar-shayan\/#primaryimage"},"image":{"@id":"https:\/\/shayanfirm.com\/kamyar-shayan\/#primaryimage"},"thumbnailUrl":"http:\/\/shayanfirm.com\/wp-content\/uploads\/2023\/12\/kamyar_shayan_portrait_302x403.jpg","datePublished":"2024-04-11T13:44:48+00:00","dateModified":"2024-04-23T14:28:01+00:00","breadcrumb":{"@id":"https:\/\/shayanfirm.com\/kamyar-shayan\/#breadcrumb"},"inLanguage":"es","potentialAction":[{"@type":"ReadAction","target":["https:\/\/shayanfirm.com\/kamyar-shayan\/"]}]},{"@type":"ImageObject","inLanguage":"es","@id":"https:\/\/shayanfirm.com\/kamyar-shayan\/#primaryimage","url":"http:\/\/shayanfirm.com\/wp-content\/uploads\/2023\/12\/kamyar_shayan_portrait_302x403.jpg","contentUrl":"http:\/\/shayanfirm.com\/wp-content\/uploads\/2023\/12\/kamyar_shayan_portrait_302x403.jpg"},{"@type":"BreadcrumbList","@id":"https:\/\/shayanfirm.com\/kamyar-shayan\/#breadcrumb","itemListElement":[{"@type":"ListItem","position":1,"name":"Home","item":"https:\/\/shayanfirm.com\/"},{"@type":"ListItem","position":2,"name":"Kamyar R. Shayan"}]},{"@type":"WebSite","@id":"https:\/\/shayanfirm.com\/#website","url":"https:\/\/shayanfirm.com\/","name":"Shayan Law Firm","description":"","publisher":{"@id":"https:\/\/shayanfirm.com\/#organization"},"alternateName":"Law Offices of Kamyar R. Shayan","potentialAction":[{"@type":"SearchAction","target":{"@type":"EntryPoint","urlTemplate":"https:\/\/shayanfirm.com\/?s={search_term_string}"},"query-input":{"@type":"PropertyValueSpecification","valueRequired":true,"valueName":"search_term_string"}}],"inLanguage":"es"},{"@type":"Organization","@id":"https:\/\/shayanfirm.com\/#organization","name":"Oficiales legales de Kamyar R. Shayan","url":"https:\/\/shayanfirm.com\/","logo":{"@type":"ImageObject","inLanguage":"es","@id":"https:\/\/shayanfirm.com\/#\/schema\/logo\/image\/","url":"https:\/\/shayanfirm.com\/wp-content\/uploads\/2023\/12\/seologo.jpg","contentUrl":"https:\/\/shayanfirm.com\/wp-content\/uploads\/2023\/12\/seologo.jpg","width":558,"height":558,"caption":"Law Offices of Kamyar R. Shayan"},"image":{"@id":"https:\/\/shayanfirm.com\/#\/schema\/logo\/image\/"}}]}},"_links":{"self":[{"href":"https:\/\/shayanfirm.com\/es\/wp-json\/wp\/v2\/pages\/875","targetHints":{"allow":["GET"]}}],"collection":[{"href":"https:\/\/shayanfirm.com\/es\/wp-json\/wp\/v2\/pages"}],"about":[{"href":"https:\/\/shayanfirm.com\/es\/wp-json\/wp\/v2\/types\/page"}],"author":[{"embeddable":true,"href":"https:\/\/shayanfirm.com\/es\/wp-json\/wp\/v2\/users\/2"}],"replies":[{"embeddable":true,"href":"https:\/\/shayanfirm.com\/es\/wp-json\/wp\/v2\/comments?post=875"}],"version-history":[{"count":2,"href":"https:\/\/shayanfirm.com\/es\/wp-json\/wp\/v2\/pages\/875\/revisions"}],"predecessor-version":[{"id":879,"href":"https:\/\/shayanfirm.com\/es\/wp-json\/wp\/v2\/pages\/875\/revisions\/879"}],"wp:attachment":[{"href":"https:\/\/shayanfirm.com\/es\/wp-json\/wp\/v2\/media?parent=875"}],"curies":[{"name":"wp","href":"https:\/\/api.w.org\/{rel}","templated":true}]}}