{"id":79,"date":"2023-10-01T13:58:15","date_gmt":"2023-10-01T13:58:15","guid":{"rendered":"http:\/\/shayanfirm.com\/?page_id=79"},"modified":"2024-04-23T08:07:54","modified_gmt":"2024-04-23T15:07:54","slug":"personal-injury","status":"publish","type":"page","link":"https:\/\/shayanfirm.com\/es\/personal-injury\/","title":{"rendered":"Lesiones Personales"},"content":{"rendered":"<p>&nbsp;<\/p>\n<p>&nbsp;<\/p>\n<p>En las Oficinas Legales de Kamyar R. Shayan, nuestro equipo legal de lesiones personales en Los \u00c1ngeles se especializa en una amplia gama de reclamaciones bajo la ley de lesiones personales. Nuestra experiencia abarca una variedad de lesiones y reclamaciones, incluyendo, pero no limitado a:<\/p>\n<p>\u2022 Accidentes de veh\u00edculos motorizados<\/p>\n<p>\u2022 Lesiones por accidentes de automovil<\/p>\n<p>\u2022 Lesiones por accidentes de motocicleta<\/p>\n<p>\u2022 Accidentes de servicios de transporte compartido (Uber, Lyft, etc)<\/p>\n<p>\u2022 Accidentes de scooters el\u00e9ctricos<\/p>\n<p>\u2022 Accidentes de bicicleta<\/p>\n<p>\u2022 Accidentes de peatones<\/p>\n<p>\u2022 Reclamaciones de muerte por negligencia<\/p>\n<p>\u2022 Responsabilidad de local (Lesiones sufridas en una propiedad)<\/p>\n<p>\u2022 Accidentes por resbalones y ca\u00eddas<\/p>\n<p>\u2022 Casos de responsabilidad por productos<\/p>\n<p>\u2022 Ataques de animales<\/p>\n<p>\u2022 Lesiones relacionadas con la construcci\u00f3n<\/p>\n<p><span style=\"color: #0f1c41;\"><strong>Accidentes Automovil\u00edsticos<\/strong><\/span><\/p>\n<p>Los accidentes de automovil se encuentran entre los tipos m\u00e1s comunes de reclamaciones por lesiones personales. Si te ves involucrado en un accidente automovil\u00edstico, es crucial buscar asesoramiento legal de inmediato. Nuestros experimentados abogados de lesiones personales en Los \u00c1ngeles est\u00e1n listos para apoyarte desde el momento en que te pones en contacto con nosotros.<\/p>\n<p>Nos comunicamos directamente con las compa\u00f1\u00edas de seguros para asegurar que tu veh\u00edculo sea reparado de manera r\u00e1pida y efectiva. M\u00e1s all\u00e1 de las reparaciones del veh\u00edculo, nuestro equipo colabora con profesionales de la salud l\u00edderes para garantizar que tu recuperaci\u00f3n est\u00e9 en las mejores manos. Tu salud y bienestar son primordiales, y recibir tratamiento de profesionales m\u00e9dicos calificados y experimentados es esencial para tu recuperaci\u00f3n de un accidente.<\/p>\n<p><span style=\"color: #0f1c41;\"><strong>Accidentes por Resbalones y Ca\u00eddas<\/strong><\/span><\/p>\n<p>Los accidentes por resbalones y ca\u00eddas, a menudo resultado de la negligencia de un propietario de inmueble, representan otro tipo frecuente de reclamaci\u00f3n por lesiones personales bajo la ley de responsabilidad de local. Ya sea que el incidente ocurriera en propiedad privada o en un espacio p\u00fablico, si resultaste lesionado debido a un resbal\u00f3n y ca\u00edda, podr\u00edas tener derecho a compensaci\u00f3n.<\/p>\n<p>Un caso de resbal\u00f3n y ca\u00edda implica a una persona siendo lesionada al tropezar, resbalar o caer debido a una condici\u00f3n insegura, peligrosa o riesgosa resultante de la negligencia del propietario del inmueble. Estos casos se centran en la obligaci\u00f3n del propietario de la propiedad de prevenir condiciones peligrosas y si la parte lesionada tom\u00f3 medidas razonables para evitar el peligro. Nuestro equipo legal en Los \u00c1ngeles tiene una amplia experiencia en estos casos a menudo disputados. Estamos preparados para desafiar a las compa\u00f1\u00edas de seguros, utilizando nuestras habilidades de negociaci\u00f3n y litigio para asegurar la compensaci\u00f3n que mereces.<\/p>\n<p>&nbsp;<\/p>\n<p>&nbsp;<\/p>\n<p>&nbsp;<\/p>","protected":false},"excerpt":{"rendered":"<p>&nbsp; &nbsp; At the Law Offices of Kamyar R. Shayan, our Los Angeles personal injury legal team specializes in a comprehensive range of claims under personal injury law. Our expertise encompass a variety of injuries and claims, including but not limited to: \u2022 Motor vehicle accidents \u2022 Car accident injuries \u2022 Motorcycle accident injuries \u2022&hellip; <a class=\"continue\" href=\"https:\/\/shayanfirm.com\/es\/personal-injury\/\">Continue Reading<span> Lesiones Personales<\/span><\/a><\/p>","protected":false},"author":2,"featured_media":0,"parent":0,"menu_order":0,"comment_status":"closed","ping_status":"closed","template":"","meta":{"_monsterinsights_skip_tracking":false,"_monsterinsights_sitenote_active":false,"_monsterinsights_sitenote_note":"","_monsterinsights_sitenote_category":0,"_uf_show_specific_survey":0,"_uf_disable_surveys":false,"footnotes":""},"class_list":["post-79","page","type-page","status-publish","hentry"],"yoast_head":"<!-- This site is optimized with the Yoast SEO plugin v27.3 - https:\/\/yoast.com\/product\/yoast-seo-wordpress\/ -->\n<title>Personal Injury Law - Shayan Law Firm<\/title>\n<meta name=\"robots\" content=\"index, follow, max-snippet:-1, max-image-preview:large, max-video-preview:-1\" \/>\n<link rel=\"canonical\" href=\"https:\/\/shayanfirm.com\/es\/personal-injury\/\" \/>\n<meta property=\"og:locale\" content=\"es_MX\" \/>\n<meta property=\"og:type\" content=\"article\" \/>\n<meta property=\"og:title\" content=\"Personal Injury Law - Shayan Law Firm\" \/>\n<meta property=\"og:description\" content=\"&nbsp; &nbsp; At the Law Offices of Kamyar R. Shayan, our Los Angeles personal injury legal team specializes in a comprehensive range of claims under personal injury law. Our expertise encompass a variety of injuries and claims, including but not limited to: \u2022 Motor vehicle accidents \u2022 Car accident injuries \u2022 Motorcycle accident injuries \u2022&hellip; Continue Reading Personal Injury Law\" \/>\n<meta property=\"og:url\" content=\"https:\/\/shayanfirm.com\/es\/personal-injury\/\" \/>\n<meta property=\"og:site_name\" content=\"Shayan Law Firm\" \/>\n<meta property=\"article:modified_time\" content=\"2024-04-23T15:07:54+00:00\" \/>\n<meta property=\"og:image\" content=\"https:\/\/shayanfirm.com\/wp-content\/uploads\/2023\/10\/shayanlogoorange.png\" \/>\n\t<meta property=\"og:image:width\" content=\"350\" \/>\n\t<meta property=\"og:image:height\" content=\"100\" \/>\n\t<meta property=\"og:image:type\" content=\"image\/png\" \/>\n<meta name=\"twitter:card\" content=\"summary_large_image\" \/>\n<meta name=\"twitter:label1\" content=\"Tiempo de lectura\" \/>\n\t<meta name=\"twitter:data1\" content=\"2 minutos\" \/>\n<script type=\"application\/ld+json\" class=\"yoast-schema-graph\">{\"@context\":\"https:\\\/\\\/schema.org\",\"@graph\":[{\"@type\":\"WebPage\",\"@id\":\"https:\\\/\\\/shayanfirm.com\\\/personal-injury\\\/\",\"url\":\"https:\\\/\\\/shayanfirm.com\\\/personal-injury\\\/\",\"name\":\"Personal Injury Law - Shayan Law Firm\",\"isPartOf\":{\"@id\":\"https:\\\/\\\/shayanfirm.com\\\/#website\"},\"datePublished\":\"2023-10-01T13:58:15+00:00\",\"dateModified\":\"2024-04-23T15:07:54+00:00\",\"breadcrumb\":{\"@id\":\"https:\\\/\\\/shayanfirm.com\\\/personal-injury\\\/#breadcrumb\"},\"inLanguage\":\"es\",\"potentialAction\":[{\"@type\":\"ReadAction\",\"target\":[\"https:\\\/\\\/shayanfirm.com\\\/personal-injury\\\/\"]}]},{\"@type\":\"BreadcrumbList\",\"@id\":\"https:\\\/\\\/shayanfirm.com\\\/personal-injury\\\/#breadcrumb\",\"itemListElement\":[{\"@type\":\"ListItem\",\"position\":1,\"name\":\"Home\",\"item\":\"https:\\\/\\\/shayanfirm.com\\\/\"},{\"@type\":\"ListItem\",\"position\":2,\"name\":\"Personal Injury Law\"}]},{\"@type\":\"WebSite\",\"@id\":\"https:\\\/\\\/shayanfirm.com\\\/#website\",\"url\":\"https:\\\/\\\/shayanfirm.com\\\/\",\"name\":\"Shayan Law Firm\",\"description\":\"\",\"publisher\":{\"@id\":\"https:\\\/\\\/shayanfirm.com\\\/#organization\"},\"alternateName\":\"Law Offices of Kamyar R. Shayan\",\"potentialAction\":[{\"@type\":\"SearchAction\",\"target\":{\"@type\":\"EntryPoint\",\"urlTemplate\":\"https:\\\/\\\/shayanfirm.com\\\/?s={search_term_string}\"},\"query-input\":{\"@type\":\"PropertyValueSpecification\",\"valueRequired\":true,\"valueName\":\"search_term_string\"}}],\"inLanguage\":\"es\"},{\"@type\":\"Organization\",\"@id\":\"https:\\\/\\\/shayanfirm.com\\\/#organization\",\"name\":\"Law Offices of Kamyar R. Shayan\",\"url\":\"https:\\\/\\\/shayanfirm.com\\\/\",\"logo\":{\"@type\":\"ImageObject\",\"inLanguage\":\"es\",\"@id\":\"https:\\\/\\\/shayanfirm.com\\\/#\\\/schema\\\/logo\\\/image\\\/\",\"url\":\"https:\\\/\\\/shayanfirm.com\\\/wp-content\\\/uploads\\\/2023\\\/12\\\/seologo.jpg\",\"contentUrl\":\"https:\\\/\\\/shayanfirm.com\\\/wp-content\\\/uploads\\\/2023\\\/12\\\/seologo.jpg\",\"width\":558,\"height\":558,\"caption\":\"Law Offices of Kamyar R. Shayan\"},\"image\":{\"@id\":\"https:\\\/\\\/shayanfirm.com\\\/#\\\/schema\\\/logo\\\/image\\\/\"}}]}<\/script>\n<!-- \/ Yoast SEO plugin. -->","yoast_head_json":{"title":"Personal Injury Law - Shayan Law Firm","robots":{"index":"index","follow":"follow","max-snippet":"max-snippet:-1","max-image-preview":"max-image-preview:large","max-video-preview":"max-video-preview:-1"},"canonical":"https:\/\/shayanfirm.com\/es\/personal-injury\/","og_locale":"es_MX","og_type":"article","og_title":"Personal Injury Law - Shayan Law Firm","og_description":"&nbsp; &nbsp; At the Law Offices of Kamyar R. Shayan, our Los Angeles personal injury legal team specializes in a comprehensive range of claims under personal injury law. Our expertise encompass a variety of injuries and claims, including but not limited to: \u2022 Motor vehicle accidents \u2022 Car accident injuries \u2022 Motorcycle accident injuries \u2022&hellip; Continue Reading Personal Injury Law","og_url":"https:\/\/shayanfirm.com\/es\/personal-injury\/","og_site_name":"Shayan Law Firm","article_modified_time":"2024-04-23T15:07:54+00:00","og_image":[{"width":350,"height":100,"url":"https:\/\/shayanfirm.com\/wp-content\/uploads\/2023\/10\/shayanlogoorange.png","type":"image\/png"}],"twitter_card":"summary_large_image","twitter_misc":{"Tiempo de lectura":"2 minutos"},"schema":{"@context":"https:\/\/schema.org","@graph":[{"@type":"WebPage","@id":"https:\/\/shayanfirm.com\/personal-injury\/","url":"https:\/\/shayanfirm.com\/personal-injury\/","name":"Personal Injury Law - Shayan Law Firm","isPartOf":{"@id":"https:\/\/shayanfirm.com\/#website"},"datePublished":"2023-10-01T13:58:15+00:00","dateModified":"2024-04-23T15:07:54+00:00","breadcrumb":{"@id":"https:\/\/shayanfirm.com\/personal-injury\/#breadcrumb"},"inLanguage":"es","potentialAction":[{"@type":"ReadAction","target":["https:\/\/shayanfirm.com\/personal-injury\/"]}]},{"@type":"BreadcrumbList","@id":"https:\/\/shayanfirm.com\/personal-injury\/#breadcrumb","itemListElement":[{"@type":"ListItem","position":1,"name":"Home","item":"https:\/\/shayanfirm.com\/"},{"@type":"ListItem","position":2,"name":"Personal Injury Law"}]},{"@type":"WebSite","@id":"https:\/\/shayanfirm.com\/#website","url":"https:\/\/shayanfirm.com\/","name":"Shayan Law Firm","description":"","publisher":{"@id":"https:\/\/shayanfirm.com\/#organization"},"alternateName":"Law Offices of Kamyar R. Shayan","potentialAction":[{"@type":"SearchAction","target":{"@type":"EntryPoint","urlTemplate":"https:\/\/shayanfirm.com\/?s={search_term_string}"},"query-input":{"@type":"PropertyValueSpecification","valueRequired":true,"valueName":"search_term_string"}}],"inLanguage":"es"},{"@type":"Organization","@id":"https:\/\/shayanfirm.com\/#organization","name":"Oficiales legales de Kamyar R. Shayan","url":"https:\/\/shayanfirm.com\/","logo":{"@type":"ImageObject","inLanguage":"es","@id":"https:\/\/shayanfirm.com\/#\/schema\/logo\/image\/","url":"https:\/\/shayanfirm.com\/wp-content\/uploads\/2023\/12\/seologo.jpg","contentUrl":"https:\/\/shayanfirm.com\/wp-content\/uploads\/2023\/12\/seologo.jpg","width":558,"height":558,"caption":"Law Offices of Kamyar R. Shayan"},"image":{"@id":"https:\/\/shayanfirm.com\/#\/schema\/logo\/image\/"}}]}},"_links":{"self":[{"href":"https:\/\/shayanfirm.com\/es\/wp-json\/wp\/v2\/pages\/79","targetHints":{"allow":["GET"]}}],"collection":[{"href":"https:\/\/shayanfirm.com\/es\/wp-json\/wp\/v2\/pages"}],"about":[{"href":"https:\/\/shayanfirm.com\/es\/wp-json\/wp\/v2\/types\/page"}],"author":[{"embeddable":true,"href":"https:\/\/shayanfirm.com\/es\/wp-json\/wp\/v2\/users\/2"}],"replies":[{"embeddable":true,"href":"https:\/\/shayanfirm.com\/es\/wp-json\/wp\/v2\/comments?post=79"}],"version-history":[{"count":12,"href":"https:\/\/shayanfirm.com\/es\/wp-json\/wp\/v2\/pages\/79\/revisions"}],"predecessor-version":[{"id":880,"href":"https:\/\/shayanfirm.com\/es\/wp-json\/wp\/v2\/pages\/79\/revisions\/880"}],"wp:attachment":[{"href":"https:\/\/shayanfirm.com\/es\/wp-json\/wp\/v2\/media?parent=79"}],"curies":[{"name":"wp","href":"https:\/\/api.w.org\/{rel}","templated":true}]}}