{"id":437,"date":"2023-10-02T14:34:37","date_gmt":"2023-10-02T14:34:37","guid":{"rendered":"http:\/\/shayanfirm.com\/?page_id=437"},"modified":"2024-02-14T11:08:06","modified_gmt":"2024-02-14T19:08:06","slug":"trial-attorney","status":"publish","type":"page","link":"https:\/\/shayanfirm.com\/es\/trial-attorney\/","title":{"rendered":"Abogado Litigante"},"content":{"rendered":"<p>&nbsp;<\/p>\n<p>&nbsp;<\/p>\n<p>Cuando la litigaci\u00f3n es el \u00fanico camino a seguir, el equipo de juicio de las Oficinas Legales de Kamyar R. Shayan est\u00e1 preparado para abogar vigorosamente en tu nombre en la corte. Con una amplia experiencia en varios dominios legales, nuestros abogados litigantes combinan una amplia experiencia en litigios con una presencia estrat\u00e9gica en la sala de juicios, particularmente en casos de lesiones personales.<\/p>\n<p>Nuestro equipo es h\u00e1bil en manejar procesos de arbitraje, un testimonio de nuestro liderazgo en el campo legal. Kamyar R. Shayan, Esq., el jefe de nuestro equipo de juicio, ha presentado y ganado numerosos casos que involucran remedios legales complejos como fideicomisos y \u00f3rdenes de restricci\u00f3n.<\/p>\n<p>La pericia en documentaci\u00f3n financiera es otra piedra angular de nuestra pr\u00e1ctica. Nuestros abogados litigantes poseen un profundo entendimiento de la contabilidad y tenedur\u00eda de libros empresariales, lo cual a menudo juega un papel crucial en la litigaci\u00f3n.<\/p>\n<p>En el \u00e1mbito de las lesiones personales, aprovechamos nuestra amplia experiencia para perseguir la justicia contra partes negligentes, incluidos conductores y propietarios de propiedades. Tenemos un historial de enfrentamientos contra equipos de defensa de compa\u00f1\u00edas de seguros en juicios ante jurado. Nuestro equipo es h\u00e1bil en navegar reclamaciones de seguro, asegurando cobertura y facilitando la designaci\u00f3n de abogados defensores por parte de los proveedores de seguros.<\/p>\n<p>Adicionalmente, ofrecemos orientaci\u00f3n a gerentes de propiedades institucionales y propietarios privados sobre estrategias para minimizar riesgos legales. Nuestro objetivo es proporcionar un soporte legal integral a nuestros clientes, asegurando que est\u00e9n bien representados en todas las facetas de litigaci\u00f3n y gesti\u00f3n de riesgos.<\/p>\n<p>&nbsp;<\/p>\n<p>&nbsp;<\/p>","protected":false},"excerpt":{"rendered":"<p>&nbsp; &nbsp; When litigation is the only path forward, the trial team at the Law Offices of Kamyar R. Shayan is prepared to advocate vigorously on your behalf in court. With extensive experience across various legal domains, our trial lawyers blend comprehensive litigation expertise with strategic courtroom presence, particularly in personal injury cases. Our team&hellip; <a class=\"continue\" href=\"https:\/\/shayanfirm.com\/es\/trial-attorney\/\">Continue Reading<span> Abogado Litigante<\/span><\/a><\/p>","protected":false},"author":2,"featured_media":0,"parent":0,"menu_order":0,"comment_status":"closed","ping_status":"closed","template":"","meta":{"_monsterinsights_skip_tracking":false,"_monsterinsights_sitenote_active":false,"_monsterinsights_sitenote_note":"","_monsterinsights_sitenote_category":0,"_uf_show_specific_survey":0,"_uf_disable_surveys":false,"footnotes":""},"class_list":["post-437","page","type-page","status-publish","hentry"],"yoast_head":"<!-- This site is optimized with the Yoast SEO plugin v27.3 - https:\/\/yoast.com\/product\/yoast-seo-wordpress\/ -->\n<title>Trial Attorney - Shayan Law Firm<\/title>\n<meta name=\"robots\" content=\"index, follow, max-snippet:-1, max-image-preview:large, max-video-preview:-1\" \/>\n<link rel=\"canonical\" href=\"https:\/\/shayanfirm.com\/es\/trial-attorney\/\" \/>\n<meta property=\"og:locale\" content=\"es_MX\" \/>\n<meta property=\"og:type\" content=\"article\" \/>\n<meta property=\"og:title\" content=\"Trial Attorney - Shayan Law Firm\" \/>\n<meta property=\"og:description\" content=\"&nbsp; &nbsp; When litigation is the only path forward, the trial team at the Law Offices of Kamyar R. Shayan is prepared to advocate vigorously on your behalf in court. With extensive experience across various legal domains, our trial lawyers blend comprehensive litigation expertise with strategic courtroom presence, particularly in personal injury cases. Our team&hellip; Continue Reading Trial Attorney\" \/>\n<meta property=\"og:url\" content=\"https:\/\/shayanfirm.com\/es\/trial-attorney\/\" \/>\n<meta property=\"og:site_name\" content=\"Shayan Law Firm\" \/>\n<meta property=\"article:modified_time\" content=\"2024-02-14T19:08:06+00:00\" \/>\n<meta property=\"og:image\" content=\"https:\/\/shayanfirm.com\/wp-content\/uploads\/2023\/10\/shayanlogoorange.png\" \/>\n\t<meta property=\"og:image:width\" content=\"350\" \/>\n\t<meta property=\"og:image:height\" content=\"100\" \/>\n\t<meta property=\"og:image:type\" content=\"image\/png\" \/>\n<meta name=\"twitter:card\" content=\"summary_large_image\" \/>\n<meta name=\"twitter:label1\" content=\"Tiempo de lectura\" \/>\n\t<meta name=\"twitter:data1\" content=\"1 minuto\" \/>\n<script type=\"application\/ld+json\" class=\"yoast-schema-graph\">{\"@context\":\"https:\\\/\\\/schema.org\",\"@graph\":[{\"@type\":\"WebPage\",\"@id\":\"https:\\\/\\\/shayanfirm.com\\\/trial-attorney\\\/\",\"url\":\"https:\\\/\\\/shayanfirm.com\\\/trial-attorney\\\/\",\"name\":\"Trial Attorney - Shayan Law Firm\",\"isPartOf\":{\"@id\":\"https:\\\/\\\/shayanfirm.com\\\/#website\"},\"datePublished\":\"2023-10-02T14:34:37+00:00\",\"dateModified\":\"2024-02-14T19:08:06+00:00\",\"breadcrumb\":{\"@id\":\"https:\\\/\\\/shayanfirm.com\\\/trial-attorney\\\/#breadcrumb\"},\"inLanguage\":\"es\",\"potentialAction\":[{\"@type\":\"ReadAction\",\"target\":[\"https:\\\/\\\/shayanfirm.com\\\/trial-attorney\\\/\"]}]},{\"@type\":\"BreadcrumbList\",\"@id\":\"https:\\\/\\\/shayanfirm.com\\\/trial-attorney\\\/#breadcrumb\",\"itemListElement\":[{\"@type\":\"ListItem\",\"position\":1,\"name\":\"Home\",\"item\":\"https:\\\/\\\/shayanfirm.com\\\/\"},{\"@type\":\"ListItem\",\"position\":2,\"name\":\"Trial Attorney\"}]},{\"@type\":\"WebSite\",\"@id\":\"https:\\\/\\\/shayanfirm.com\\\/#website\",\"url\":\"https:\\\/\\\/shayanfirm.com\\\/\",\"name\":\"Shayan Law Firm\",\"description\":\"\",\"publisher\":{\"@id\":\"https:\\\/\\\/shayanfirm.com\\\/#organization\"},\"alternateName\":\"Law Offices of Kamyar R. Shayan\",\"potentialAction\":[{\"@type\":\"SearchAction\",\"target\":{\"@type\":\"EntryPoint\",\"urlTemplate\":\"https:\\\/\\\/shayanfirm.com\\\/?s={search_term_string}\"},\"query-input\":{\"@type\":\"PropertyValueSpecification\",\"valueRequired\":true,\"valueName\":\"search_term_string\"}}],\"inLanguage\":\"es\"},{\"@type\":\"Organization\",\"@id\":\"https:\\\/\\\/shayanfirm.com\\\/#organization\",\"name\":\"Law Offices of Kamyar R. Shayan\",\"url\":\"https:\\\/\\\/shayanfirm.com\\\/\",\"logo\":{\"@type\":\"ImageObject\",\"inLanguage\":\"es\",\"@id\":\"https:\\\/\\\/shayanfirm.com\\\/#\\\/schema\\\/logo\\\/image\\\/\",\"url\":\"https:\\\/\\\/shayanfirm.com\\\/wp-content\\\/uploads\\\/2023\\\/12\\\/seologo.jpg\",\"contentUrl\":\"https:\\\/\\\/shayanfirm.com\\\/wp-content\\\/uploads\\\/2023\\\/12\\\/seologo.jpg\",\"width\":558,\"height\":558,\"caption\":\"Law Offices of Kamyar R. Shayan\"},\"image\":{\"@id\":\"https:\\\/\\\/shayanfirm.com\\\/#\\\/schema\\\/logo\\\/image\\\/\"}}]}<\/script>\n<!-- \/ Yoast SEO plugin. -->","yoast_head_json":{"title":"Trial Attorney - Shayan Law Firm","robots":{"index":"index","follow":"follow","max-snippet":"max-snippet:-1","max-image-preview":"max-image-preview:large","max-video-preview":"max-video-preview:-1"},"canonical":"https:\/\/shayanfirm.com\/es\/trial-attorney\/","og_locale":"es_MX","og_type":"article","og_title":"Trial Attorney - Shayan Law Firm","og_description":"&nbsp; &nbsp; When litigation is the only path forward, the trial team at the Law Offices of Kamyar R. Shayan is prepared to advocate vigorously on your behalf in court. With extensive experience across various legal domains, our trial lawyers blend comprehensive litigation expertise with strategic courtroom presence, particularly in personal injury cases. Our team&hellip; Continue Reading Trial Attorney","og_url":"https:\/\/shayanfirm.com\/es\/trial-attorney\/","og_site_name":"Shayan Law Firm","article_modified_time":"2024-02-14T19:08:06+00:00","og_image":[{"width":350,"height":100,"url":"https:\/\/shayanfirm.com\/wp-content\/uploads\/2023\/10\/shayanlogoorange.png","type":"image\/png"}],"twitter_card":"summary_large_image","twitter_misc":{"Tiempo de lectura":"1 minuto"},"schema":{"@context":"https:\/\/schema.org","@graph":[{"@type":"WebPage","@id":"https:\/\/shayanfirm.com\/trial-attorney\/","url":"https:\/\/shayanfirm.com\/trial-attorney\/","name":"Trial Attorney - Shayan Law Firm","isPartOf":{"@id":"https:\/\/shayanfirm.com\/#website"},"datePublished":"2023-10-02T14:34:37+00:00","dateModified":"2024-02-14T19:08:06+00:00","breadcrumb":{"@id":"https:\/\/shayanfirm.com\/trial-attorney\/#breadcrumb"},"inLanguage":"es","potentialAction":[{"@type":"ReadAction","target":["https:\/\/shayanfirm.com\/trial-attorney\/"]}]},{"@type":"BreadcrumbList","@id":"https:\/\/shayanfirm.com\/trial-attorney\/#breadcrumb","itemListElement":[{"@type":"ListItem","position":1,"name":"Home","item":"https:\/\/shayanfirm.com\/"},{"@type":"ListItem","position":2,"name":"Trial Attorney"}]},{"@type":"WebSite","@id":"https:\/\/shayanfirm.com\/#website","url":"https:\/\/shayanfirm.com\/","name":"Shayan Law Firm","description":"","publisher":{"@id":"https:\/\/shayanfirm.com\/#organization"},"alternateName":"Law Offices of Kamyar R. Shayan","potentialAction":[{"@type":"SearchAction","target":{"@type":"EntryPoint","urlTemplate":"https:\/\/shayanfirm.com\/?s={search_term_string}"},"query-input":{"@type":"PropertyValueSpecification","valueRequired":true,"valueName":"search_term_string"}}],"inLanguage":"es"},{"@type":"Organization","@id":"https:\/\/shayanfirm.com\/#organization","name":"Oficiales legales de Kamyar R. Shayan","url":"https:\/\/shayanfirm.com\/","logo":{"@type":"ImageObject","inLanguage":"es","@id":"https:\/\/shayanfirm.com\/#\/schema\/logo\/image\/","url":"https:\/\/shayanfirm.com\/wp-content\/uploads\/2023\/12\/seologo.jpg","contentUrl":"https:\/\/shayanfirm.com\/wp-content\/uploads\/2023\/12\/seologo.jpg","width":558,"height":558,"caption":"Law Offices of Kamyar R. Shayan"},"image":{"@id":"https:\/\/shayanfirm.com\/#\/schema\/logo\/image\/"}}]}},"_links":{"self":[{"href":"https:\/\/shayanfirm.com\/es\/wp-json\/wp\/v2\/pages\/437","targetHints":{"allow":["GET"]}}],"collection":[{"href":"https:\/\/shayanfirm.com\/es\/wp-json\/wp\/v2\/pages"}],"about":[{"href":"https:\/\/shayanfirm.com\/es\/wp-json\/wp\/v2\/types\/page"}],"author":[{"embeddable":true,"href":"https:\/\/shayanfirm.com\/es\/wp-json\/wp\/v2\/users\/2"}],"replies":[{"embeddable":true,"href":"https:\/\/shayanfirm.com\/es\/wp-json\/wp\/v2\/comments?post=437"}],"version-history":[{"count":7,"href":"https:\/\/shayanfirm.com\/es\/wp-json\/wp\/v2\/pages\/437\/revisions"}],"predecessor-version":[{"id":846,"href":"https:\/\/shayanfirm.com\/es\/wp-json\/wp\/v2\/pages\/437\/revisions\/846"}],"wp:attachment":[{"href":"https:\/\/shayanfirm.com\/es\/wp-json\/wp\/v2\/media?parent=437"}],"curies":[{"name":"wp","href":"https:\/\/api.w.org\/{rel}","templated":true}]}}