{"id":435,"date":"2023-10-02T14:34:21","date_gmt":"2023-10-02T14:34:21","guid":{"rendered":"http:\/\/shayanfirm.com\/?page_id=435"},"modified":"2024-02-13T13:34:18","modified_gmt":"2024-02-13T21:34:18","slug":"general-civil-litigation","status":"publish","type":"page","link":"https:\/\/shayanfirm.com\/es\/general-civil-litigation\/","title":{"rendered":"Litigio Civil General"},"content":{"rendered":"<p>&nbsp;<\/p>\n<p>&nbsp;<\/p>\n<p>En las Oficinas Legales de Kamyar R. Shayan, nuestro equipo de litigaci\u00f3n civil en Los \u00c1ngeles representa a una clientela diversa, incluyendo individuos, negocios y organizaciones a lo largo de California, en una amplia gama de demandas civiles. Aunque nuestro enfoque principal est\u00e1 en la ley de lesiones personales, nuestra experiencia se extiende mucho m\u00e1s all\u00e1 para abarcar el espectro completo de la litigaci\u00f3n civil.<\/p>\n<p>Estamos comprometidos a proporcionar a nuestros clientes consejos directos y pr\u00e1cticos en cada etapa del proceso de litigaci\u00f3n \u2013desde la consulta inicial, a trav\u00e9s de la presentaci\u00f3n y progresi\u00f3n de una demanda, hasta su resoluci\u00f3n mediante juicio, acuerdo u otros medios. Nuestro enfoque para la representaci\u00f3n de clientes comienza con una investigaci\u00f3n exhaustiva e independiente de cada caso. Evaluamos las fortalezas y debilidades de las posiciones de nuestros clientes, considerando sus derechos legales, responsabilidades y el potencial para resultados exitosos basados en las leyes vigentes.<\/p>\n<p>Nuestros abogados de litigaci\u00f3n civil en Los \u00c1ngeles est\u00e1n dedicados a abogar en\u00e9rgicamente por nuestros clientes, ya sea represent\u00e1ndolos como demandantes o demandados. Nuestro objetivo es proteger sus intereses en el tribunal con vigor y determinaci\u00f3n. Sin embargo, alineados con la filosof\u00eda de nuestra firma, priorizamos lograr la resoluci\u00f3n de disputas a trav\u00e9s de una negociaci\u00f3n efectiva sobre participar en litigios prolongados y costosos siempre que sea factible.<\/p>\n<p>La piedra angular de nuestra pr\u00e1ctica es el consejo informado. Mantenemos l\u00edneas abiertas de comunicaci\u00f3n con nuestros clientes a lo largo del proceso de litigaci\u00f3n, asegurando que tengan toda la informaci\u00f3n necesaria para tomar decisiones bien informadas sobre sus casos. Creemos que este enfoque maximiza las posibilidades de nuestros clientes de lograr resultados favorables, ya sea que eso signifique continuar luchando en corte o buscar un acuerdo amistoso.<\/p>\n<p>&nbsp;<\/p>\n<p>&nbsp;<\/p>","protected":false},"excerpt":{"rendered":"<p>&nbsp; &nbsp; At the Law Offices of Kamyar R. Shayan, our civil litigation team in Los Angeles represents a diverse clientele, including individuals, businesses, and organizations across California, in a wide array of civil lawsuits. While our primary focus is on personal injury law, our expertise extends well beyond to encompass the full spectrum of&hellip; <a class=\"continue\" href=\"https:\/\/shayanfirm.com\/es\/general-civil-litigation\/\">Continue Reading<span> Litigio Civil General<\/span><\/a><\/p>","protected":false},"author":2,"featured_media":0,"parent":0,"menu_order":0,"comment_status":"closed","ping_status":"closed","template":"","meta":{"_monsterinsights_skip_tracking":false,"_monsterinsights_sitenote_active":false,"_monsterinsights_sitenote_note":"","_monsterinsights_sitenote_category":0,"_uf_show_specific_survey":0,"_uf_disable_surveys":false,"footnotes":""},"class_list":["post-435","page","type-page","status-publish","hentry"],"yoast_head":"<!-- This site is optimized with the Yoast SEO plugin v27.3 - https:\/\/yoast.com\/product\/yoast-seo-wordpress\/ -->\n<title>General Civil Litigation - Shayan Law Firm<\/title>\n<meta name=\"robots\" content=\"index, follow, max-snippet:-1, max-image-preview:large, max-video-preview:-1\" \/>\n<link rel=\"canonical\" href=\"https:\/\/shayanfirm.com\/es\/general-civil-litigation\/\" \/>\n<meta property=\"og:locale\" content=\"es_MX\" \/>\n<meta property=\"og:type\" content=\"article\" \/>\n<meta property=\"og:title\" content=\"General Civil Litigation - Shayan Law Firm\" \/>\n<meta property=\"og:description\" content=\"&nbsp; &nbsp; At the Law Offices of Kamyar R. Shayan, our civil litigation team in Los Angeles represents a diverse clientele, including individuals, businesses, and organizations across California, in a wide array of civil lawsuits. While our primary focus is on personal injury law, our expertise extends well beyond to encompass the full spectrum of&hellip; Continue Reading General Civil Litigation\" \/>\n<meta property=\"og:url\" content=\"https:\/\/shayanfirm.com\/es\/general-civil-litigation\/\" \/>\n<meta property=\"og:site_name\" content=\"Shayan Law Firm\" \/>\n<meta property=\"article:modified_time\" content=\"2024-02-13T21:34:18+00:00\" \/>\n<meta property=\"og:image\" content=\"https:\/\/shayanfirm.com\/wp-content\/uploads\/2023\/10\/shayanlogoorange.png\" \/>\n\t<meta property=\"og:image:width\" content=\"350\" \/>\n\t<meta property=\"og:image:height\" content=\"100\" \/>\n\t<meta property=\"og:image:type\" content=\"image\/png\" \/>\n<meta name=\"twitter:card\" content=\"summary_large_image\" \/>\n<meta name=\"twitter:label1\" content=\"Tiempo de lectura\" \/>\n\t<meta name=\"twitter:data1\" content=\"2 minutos\" \/>\n<script type=\"application\/ld+json\" class=\"yoast-schema-graph\">{\"@context\":\"https:\\\/\\\/schema.org\",\"@graph\":[{\"@type\":\"WebPage\",\"@id\":\"https:\\\/\\\/shayanfirm.com\\\/general-civil-litigation\\\/\",\"url\":\"https:\\\/\\\/shayanfirm.com\\\/general-civil-litigation\\\/\",\"name\":\"General Civil Litigation - Shayan Law Firm\",\"isPartOf\":{\"@id\":\"https:\\\/\\\/shayanfirm.com\\\/#website\"},\"datePublished\":\"2023-10-02T14:34:21+00:00\",\"dateModified\":\"2024-02-13T21:34:18+00:00\",\"breadcrumb\":{\"@id\":\"https:\\\/\\\/shayanfirm.com\\\/general-civil-litigation\\\/#breadcrumb\"},\"inLanguage\":\"es\",\"potentialAction\":[{\"@type\":\"ReadAction\",\"target\":[\"https:\\\/\\\/shayanfirm.com\\\/general-civil-litigation\\\/\"]}]},{\"@type\":\"BreadcrumbList\",\"@id\":\"https:\\\/\\\/shayanfirm.com\\\/general-civil-litigation\\\/#breadcrumb\",\"itemListElement\":[{\"@type\":\"ListItem\",\"position\":1,\"name\":\"Home\",\"item\":\"https:\\\/\\\/shayanfirm.com\\\/\"},{\"@type\":\"ListItem\",\"position\":2,\"name\":\"General Civil Litigation\"}]},{\"@type\":\"WebSite\",\"@id\":\"https:\\\/\\\/shayanfirm.com\\\/#website\",\"url\":\"https:\\\/\\\/shayanfirm.com\\\/\",\"name\":\"Shayan Law Firm\",\"description\":\"\",\"publisher\":{\"@id\":\"https:\\\/\\\/shayanfirm.com\\\/#organization\"},\"alternateName\":\"Law Offices of Kamyar R. Shayan\",\"potentialAction\":[{\"@type\":\"SearchAction\",\"target\":{\"@type\":\"EntryPoint\",\"urlTemplate\":\"https:\\\/\\\/shayanfirm.com\\\/?s={search_term_string}\"},\"query-input\":{\"@type\":\"PropertyValueSpecification\",\"valueRequired\":true,\"valueName\":\"search_term_string\"}}],\"inLanguage\":\"es\"},{\"@type\":\"Organization\",\"@id\":\"https:\\\/\\\/shayanfirm.com\\\/#organization\",\"name\":\"Law Offices of Kamyar R. Shayan\",\"url\":\"https:\\\/\\\/shayanfirm.com\\\/\",\"logo\":{\"@type\":\"ImageObject\",\"inLanguage\":\"es\",\"@id\":\"https:\\\/\\\/shayanfirm.com\\\/#\\\/schema\\\/logo\\\/image\\\/\",\"url\":\"https:\\\/\\\/shayanfirm.com\\\/wp-content\\\/uploads\\\/2023\\\/12\\\/seologo.jpg\",\"contentUrl\":\"https:\\\/\\\/shayanfirm.com\\\/wp-content\\\/uploads\\\/2023\\\/12\\\/seologo.jpg\",\"width\":558,\"height\":558,\"caption\":\"Law Offices of Kamyar R. Shayan\"},\"image\":{\"@id\":\"https:\\\/\\\/shayanfirm.com\\\/#\\\/schema\\\/logo\\\/image\\\/\"}}]}<\/script>\n<!-- \/ Yoast SEO plugin. -->","yoast_head_json":{"title":"General Civil Litigation - Shayan Law Firm","robots":{"index":"index","follow":"follow","max-snippet":"max-snippet:-1","max-image-preview":"max-image-preview:large","max-video-preview":"max-video-preview:-1"},"canonical":"https:\/\/shayanfirm.com\/es\/general-civil-litigation\/","og_locale":"es_MX","og_type":"article","og_title":"General Civil Litigation - Shayan Law Firm","og_description":"&nbsp; &nbsp; At the Law Offices of Kamyar R. Shayan, our civil litigation team in Los Angeles represents a diverse clientele, including individuals, businesses, and organizations across California, in a wide array of civil lawsuits. While our primary focus is on personal injury law, our expertise extends well beyond to encompass the full spectrum of&hellip; Continue Reading General Civil Litigation","og_url":"https:\/\/shayanfirm.com\/es\/general-civil-litigation\/","og_site_name":"Shayan Law Firm","article_modified_time":"2024-02-13T21:34:18+00:00","og_image":[{"width":350,"height":100,"url":"https:\/\/shayanfirm.com\/wp-content\/uploads\/2023\/10\/shayanlogoorange.png","type":"image\/png"}],"twitter_card":"summary_large_image","twitter_misc":{"Tiempo de lectura":"2 minutos"},"schema":{"@context":"https:\/\/schema.org","@graph":[{"@type":"WebPage","@id":"https:\/\/shayanfirm.com\/general-civil-litigation\/","url":"https:\/\/shayanfirm.com\/general-civil-litigation\/","name":"General Civil Litigation - Shayan Law Firm","isPartOf":{"@id":"https:\/\/shayanfirm.com\/#website"},"datePublished":"2023-10-02T14:34:21+00:00","dateModified":"2024-02-13T21:34:18+00:00","breadcrumb":{"@id":"https:\/\/shayanfirm.com\/general-civil-litigation\/#breadcrumb"},"inLanguage":"es","potentialAction":[{"@type":"ReadAction","target":["https:\/\/shayanfirm.com\/general-civil-litigation\/"]}]},{"@type":"BreadcrumbList","@id":"https:\/\/shayanfirm.com\/general-civil-litigation\/#breadcrumb","itemListElement":[{"@type":"ListItem","position":1,"name":"Home","item":"https:\/\/shayanfirm.com\/"},{"@type":"ListItem","position":2,"name":"General Civil Litigation"}]},{"@type":"WebSite","@id":"https:\/\/shayanfirm.com\/#website","url":"https:\/\/shayanfirm.com\/","name":"Shayan Law Firm","description":"","publisher":{"@id":"https:\/\/shayanfirm.com\/#organization"},"alternateName":"Law Offices of Kamyar R. Shayan","potentialAction":[{"@type":"SearchAction","target":{"@type":"EntryPoint","urlTemplate":"https:\/\/shayanfirm.com\/?s={search_term_string}"},"query-input":{"@type":"PropertyValueSpecification","valueRequired":true,"valueName":"search_term_string"}}],"inLanguage":"es"},{"@type":"Organization","@id":"https:\/\/shayanfirm.com\/#organization","name":"Oficiales legales de Kamyar R. Shayan","url":"https:\/\/shayanfirm.com\/","logo":{"@type":"ImageObject","inLanguage":"es","@id":"https:\/\/shayanfirm.com\/#\/schema\/logo\/image\/","url":"https:\/\/shayanfirm.com\/wp-content\/uploads\/2023\/12\/seologo.jpg","contentUrl":"https:\/\/shayanfirm.com\/wp-content\/uploads\/2023\/12\/seologo.jpg","width":558,"height":558,"caption":"Law Offices of Kamyar R. Shayan"},"image":{"@id":"https:\/\/shayanfirm.com\/#\/schema\/logo\/image\/"}}]}},"_links":{"self":[{"href":"https:\/\/shayanfirm.com\/es\/wp-json\/wp\/v2\/pages\/435","targetHints":{"allow":["GET"]}}],"collection":[{"href":"https:\/\/shayanfirm.com\/es\/wp-json\/wp\/v2\/pages"}],"about":[{"href":"https:\/\/shayanfirm.com\/es\/wp-json\/wp\/v2\/types\/page"}],"author":[{"embeddable":true,"href":"https:\/\/shayanfirm.com\/es\/wp-json\/wp\/v2\/users\/2"}],"replies":[{"embeddable":true,"href":"https:\/\/shayanfirm.com\/es\/wp-json\/wp\/v2\/comments?post=435"}],"version-history":[{"count":7,"href":"https:\/\/shayanfirm.com\/es\/wp-json\/wp\/v2\/pages\/435\/revisions"}],"predecessor-version":[{"id":841,"href":"https:\/\/shayanfirm.com\/es\/wp-json\/wp\/v2\/pages\/435\/revisions\/841"}],"wp:attachment":[{"href":"https:\/\/shayanfirm.com\/es\/wp-json\/wp\/v2\/media?parent=435"}],"curies":[{"name":"wp","href":"https:\/\/api.w.org\/{rel}","templated":true}]}}