{"id":19,"date":"2023-10-01T13:23:00","date_gmt":"2023-10-01T13:23:00","guid":{"rendered":"http:\/\/shayanfirm.com\/?page_id=19"},"modified":"2023-12-28T03:30:29","modified_gmt":"2023-12-28T03:30:29","slug":"contact","status":"publish","type":"page","link":"https:\/\/shayanfirm.com\/es\/contact\/","title":{"rendered":"Contacto"},"content":{"rendered":"<div data-elementor-type=\"wp-page\" data-elementor-id=\"19\" class=\"elementor elementor-19\">\n\t\t\t\t<div class=\"elementor-element elementor-element-b25d444 e-flex e-con-boxed e-con e-parent\" data-id=\"b25d444\" data-element_type=\"container\" data-e-type=\"container\">\n\t\t\t\t\t<div class=\"e-con-inner\">\n\t\t<div class=\"elementor-element elementor-element-ca5114a e-con-full e-flex e-con e-child\" data-id=\"ca5114a\" data-element_type=\"container\" data-e-type=\"container\">\n\t\t\t\t<div class=\"elementor-element elementor-element-c88d6a6 elementor-widget elementor-widget-text-editor\" data-id=\"c88d6a6\" data-element_type=\"widget\" data-e-type=\"widget\" data-widget_type=\"text-editor.default\">\n\t\t\t\t<div class=\"elementor-widget-container\">\n\t\t\t\t\t\t\t\t\t<p>Las Oficinas Legales de Kamyar R. Shayan invitan llamadas de clientes potenciales y otras referencias, ya sean locales o fuera del estado. Si tiene problemas de lesiones personales con los que necesita ayuda, ll\u00e1menos o env\u00edenos un correo electr\u00f3nico en cualquier momento. Estamos en la pr\u00e1ctica para atender sus necesidades de lesiones personales.<\/p><p>Complete y env\u00ede el formulario a continuaci\u00f3n o llame al<strong>213) 486-0008 <\/strong> para una consulta inicial gratuita.<\/p>\t\t\t\t\t\t\t\t<\/div>\n\t\t\t\t<\/div>\n\t\t\t\t<div class=\"elementor-element elementor-element-da409ce elementor-widget elementor-widget-text-editor\" data-id=\"da409ce\" data-element_type=\"widget\" data-e-type=\"widget\" data-widget_type=\"text-editor.default\">\n\t\t\t\t<div class=\"elementor-widget-container\">\n\t\t\t\t\t\t\t\t\t<p><div id=\"vfb-form-1\" class=\"visual-form-builder-container\"><form id=\"contact-form-1\" class=\"visual-form-builder vfb-form-1\" method=\"post\" enctype=\"multipart\/form-data\" action=\"\">\n\t  \t<input type=\"hidden\" name=\"form_id\" value=\"1\" \/><fieldset class=\"vfb-fieldset vfb-fieldset-1 how-can-we-help-you\" id=\"item-vfb-1\"><div class=\"vfb-legend\"><h3>\u00bfComo Podemos Ayudarte?<\/h3><\/div><ul class=\"vfb-section vfb-section-1\"><li class=\"vfb-item vfb-item-text\" id=\"item-vfb-7\"><label for=\"vfb-7\" class=\"vfb-desc\">Nombre de pila  <span class=\"vfb-required-asterisk\">*<\/span><\/label><input type=\"text\" name=\"vfb-7\" id=\"vfb-7\" value=\"\" class=\"vfb-text  vfb-medium  required\" \/><\/li><li class=\"vfb-item vfb-item-text\" id=\"item-vfb-8\"><label for=\"vfb-8\" class=\"vfb-desc\">Apellido  <span class=\"vfb-required-asterisk\">*<\/span><\/label><input type=\"text\" name=\"vfb-8\" id=\"vfb-8\" value=\"\" class=\"vfb-text  vfb-medium  required\" \/><\/li><li class=\"vfb-item vfb-item-phone\" id=\"item-vfb-9\"><label for=\"vfb-9\" class=\"vfb-desc\">N\u00famero de Tel\u00e9fono  <span class=\"vfb-required-asterisk\">*<\/span><\/label><input type=\"tel\" name=\"vfb-9\" id=\"vfb-9\" value=\"\" class=\"vfb-text  vfb-medium  required  phone\" \/><\/li><li class=\"vfb-item vfb-item-email\" id=\"item-vfb-5\"><label for=\"vfb-5\" class=\"vfb-desc\">Correo Electronico  <span class=\"vfb-required-asterisk\">*<\/span><\/label><input type=\"email\" name=\"vfb-5\" id=\"vfb-5\" value=\"\" class=\"vfb-text  vfb-medium  required  email\" \/><\/li><li class=\"vfb-item vfb-item-radio\" id=\"item-vfb-11\"><label class=\"vfb-desc\">\u00bfNueva Cliente?  <span class=\"vfb-required-asterisk\">*<\/span><\/label><div><span class=\"vfb-span\"><input type=\"radio\" name=\"vfb-11\" id=\"vfb-11-1\" value=\"Yes, I am a potential new client\" class=\"vfb-radio  required\" \/><label for=\"vfb-11-1\" class=\"vfb-choice\">S\u00ed, soy un nuevo cliente potencial<\/label><\/span><span class=\"vfb-span\"><input type=\"radio\" name=\"vfb-11\" id=\"vfb-11-2\" value=\"No, I&#039;m a current existing client\" class=\"vfb-radio  required\" \/><label for=\"vfb-11-2\" class=\"vfb-choice\">No, soy una cliente actual<\/label><\/span><span class=\"vfb-span\"><input type=\"radio\" name=\"vfb-11\" id=\"vfb-11-3\" value=\"I am neither\" class=\"vfb-radio  required\" \/><label for=\"vfb-11-3\" class=\"vfb-choice\">Yo tampoco<\/label><\/span><div style=\"clear:both\"><\/div><\/div><\/li><li class=\"vfb-item vfb-item-select\" id=\"item-vfb-12\"><label for=\"vfb-12\" class=\"vfb-desc\">\u00bfA qu\u00e9 se refiere su consulta?  <span class=\"vfb-required-asterisk\">*<\/span><\/label><select name=\"vfb-12\" id=\"vfb-12\" class=\"vfb-select  vfb-medium  required\"><option value=\"Automobile\/Road Accident\">Accidente de autom\u00f3vil\/carretera<\/option><option value=\"Uber or Lyft Rideshare Accident\">Accidente de viaje compartido de Uber o Lyft<\/option><option value=\"Personal Injury\">Lesiones personales<\/option><option value=\"General Litigation\">Litigio General<\/option><option value=\"Trial Attorney\">Abogado Litigante<\/option><option value=\"Other\">Otro<\/option><\/select><\/li><li class=\"vfb-item vfb-item-textarea\" id=\"item-vfb-6\"><label for=\"vfb-6\" class=\"vfb-desc\">Detalles adicionales <\/label><div><textarea name=\"vfb-6\" id=\"vfb-6\" class=\"vfb-textarea  vfb-medium\"><\/textarea><\/div><\/li><li class=\"vfb-item vfb-item-instructions\" id=\"item-vfb-13\"><label class=\"vfb-desc\">Descargo de responsabilidad <\/label>Al enviar este formulario, acepta recibir llamadas telef\u00f3nicas y mensajes de texto de Shayan Firm en cualquier momento, lo que incluye horas fuera del horario comercial (8:00 a.m. PST \u2013 9:00 p m. PST). Esto es para que podamos comunicarnos con usted lo antes posible para consultarle sobre su caso potencial. Se pueden aplicar tarifas por mensajes y datos. La frecuencia de los mensajes var\u00eda.<\/li><\/ul>&nbsp;<\/fieldset><fieldset class=\"vfb-fieldset vfb-fieldset-2 verification\" id=\"item-vfb-2\" style=\"display:block\"><div class=\"vfb-legend\"><h3>Verificaci\u00f3n<\/h3><\/div><ul class=\"vfb-section vfb-section-2\"><li class=\"vfb-item vfb-item-secret\"  style=\"display:block\"><label for=\"vfb-3\" class=\"vfb-desc\">Por favor ingrese dos d\u00edgitos <span class=\"vfb-required-asterisk\">*<\/span><\/label><input type=\"hidden\" name=\"_vfb-secret\" value=\"vfb-3\" \/><span class=\"vfb-span\"><input type=\"text\" name=\"vfb-3\" id=\"vfb-3\" value=\"\" class=\"vfb-text  vfb-medium  required {digits:true,maxlength:2,minlength:2}\" style=\"display:block\" \/><label>Ejemplo: 12<\/label><\/span><li style=\"display:none;\"><label>Esta caja es para protecci&oacute;n contra el spam &ndash; &lt;strong&gt;por favor d&eacute;jalo en blanco&lt;\/strong&gt;:<\/label><div><input name=\"vfb-spam\" \/><\/div><\/li>\n\t\t\t<li class=\"vfb-item vfb-item-submit\" id=\"item-vfb-4\">\n\t\t\t\t<input type=\"submit\" name=\"vfb-submit\" id=\"vfb-4\" value=\"Consigue ayuda ahora\" class=\"vfb-submit\" \/>\n\t\t\t\t<\/li><\/ul>\n\t\t\t<\/fieldset><input type=\"hidden\" name=\"_wp_http_referer\" value=\"\/es\/wp-json\/wp\/v2\/pages\/19\" \/><input type=\"hidden\" name=\"trp-form-language\" value=\"es\"\/><\/form><\/div> <!-- .visual-form-builder-container --><\/p>\t\t\t\t\t\t\t\t<\/div>\n\t\t\t\t<\/div>\n\t\t\t\t<\/div>\n\t\t<div class=\"elementor-element elementor-element-6a6ca17 e-con-full e-flex e-con e-child\" data-id=\"6a6ca17\" data-element_type=\"container\" data-e-type=\"container\">\n\t\t\t\t<div class=\"elementor-element elementor-element-e434937 elementor-widget elementor-widget-heading\" data-id=\"e434937\" data-element_type=\"widget\" data-e-type=\"widget\" data-widget_type=\"heading.default\">\n\t\t\t\t<div class=\"elementor-widget-container\">\n\t\t\t\t\t<h2 class=\"elementor-heading-title elementor-size-default\">Nuestra Ubicaci\u00f3n<\/h2>\t\t\t\t<\/div>\n\t\t\t\t<\/div>\n\t\t\t\t<div class=\"elementor-element elementor-element-f498b79 elementor-widget elementor-widget-text-editor\" data-id=\"f498b79\" data-element_type=\"widget\" data-e-type=\"widget\" data-widget_type=\"text-editor.default\">\n\t\t\t\t<div class=\"elementor-widget-container\">\n\t\t\t\t\t\t\t\t\t<p>Nuestras oficinas est\u00e1n ubicadas centralmente en el centro de Los \u00c1ngeles en:<\/p><p>800 W. 6th St, Suite 1415<\/p><p>Los Angeles, CA 90017<\/p>\t\t\t\t\t\t\t\t<\/div>\n\t\t\t\t<\/div>\n\t\t\t\t<div class=\"elementor-element elementor-element-01566e5 elementor-widget elementor-widget-heading\" data-id=\"01566e5\" data-element_type=\"widget\" data-e-type=\"widget\" data-widget_type=\"heading.default\">\n\t\t\t\t<div class=\"elementor-widget-container\">\n\t\t\t\t\t<h2 class=\"elementor-heading-title elementor-size-default\">Nosotros Podemos Venir a Ti<\/h2>\t\t\t\t<\/div>\n\t\t\t\t<\/div>\n\t\t\t\t<div class=\"elementor-element elementor-element-f5bbaa3 elementor-widget elementor-widget-text-editor\" data-id=\"f5bbaa3\" data-element_type=\"widget\" data-e-type=\"widget\" data-widget_type=\"text-editor.default\">\n\t\t\t\t<div class=\"elementor-widget-container\">\n\t\t\t\t\t\t\t\t\t<p>Nuestro contacto inicial ser\u00e1 por tel\u00e9fono o correo electr\u00f3nico. Si se requiere una consulta en persona y su condici\u00f3n o horario no le permite venir a nuestras oficinas, podemos concertar una reuni\u00f3n en su hogar, lugar de trabajo o en un hospital.<\/p>\t\t\t\t\t\t\t\t<\/div>\n\t\t\t\t<\/div>\n\t\t\t\t<div class=\"elementor-element elementor-element-87f51a6 elementor-widget elementor-widget-google_maps\" data-id=\"87f51a6\" data-element_type=\"widget\" data-e-type=\"widget\" data-widget_type=\"google_maps.default\">\n\t\t\t\t<div class=\"elementor-widget-container\">\n\t\t\t\t\t\t\t<div class=\"elementor-custom-embed\">\n\t\t\t<iframe loading=\"lazy\"\n\t\t\t\t\tsrc=\"https:\/\/maps.google.com\/maps?q=kamyar%20shayan&#038;t=m&#038;z=10&#038;output=embed&#038;iwloc=near\"\n\t\t\t\t\ttitle=\"kamyar shayan\"\n\t\t\t\t\taria-label=\"kamyar shayan\"\n\t\t\t><\/iframe>\n\t\t<\/div>\n\t\t\t\t\t\t<\/div>\n\t\t\t\t<\/div>\n\t\t\t\t<div class=\"elementor-element elementor-element-4dbfcb1 elementor-widget elementor-widget-heading\" data-id=\"4dbfcb1\" data-element_type=\"widget\" data-e-type=\"widget\" data-widget_type=\"heading.default\">\n\t\t\t\t<div class=\"elementor-widget-container\">\n\t\t\t\t\t<h2 class=\"elementor-heading-title elementor-size-default\">Contacta con Nosotros Directamente<\/h2>\t\t\t\t<\/div>\n\t\t\t\t<\/div>\n\t\t\t\t<div class=\"elementor-element elementor-element-4489585 elementor-widget elementor-widget-text-editor\" data-id=\"4489585\" data-element_type=\"widget\" data-e-type=\"widget\" data-widget_type=\"text-editor.default\">\n\t\t\t\t<div class=\"elementor-widget-container\">\n\t\t\t\t\t\t\t\t\t<p><strong>Telefono:<\/strong> 213-486-0008<\/p><p><strong>Fax:<\/strong> \u00a0\u00a0\u00a0\u00a0 213-486-0009<\/p><p><strong>Email:<\/strong>\u00a0\u00a0 <a href=\"mailto:info@shayanfirm.com\">info@shayanfirm.com<\/a><\/p>\t\t\t\t\t\t\t\t<\/div>\n\t\t\t\t<\/div>\n\t\t\t\t<\/div>\n\t\t\t\t\t<\/div>\n\t\t\t\t<\/div>\n\t\t\t\t<\/div>","protected":false},"excerpt":{"rendered":"<p>The Law Offices of Kamyar R. Shayan invite calls from potential clients and other referrals, whether local or out-of-state. If you have a personal injury issues that you need help with, please call or e-mail us anytime. We are in practice to serve your personal injury needs. Complete and submit the form below or call&hellip; <a class=\"continue\" href=\"https:\/\/shayanfirm.com\/es\/contact\/\">Continue Reading<span> Contacto<\/span><\/a><\/p>","protected":false},"author":2,"featured_media":0,"parent":0,"menu_order":0,"comment_status":"closed","ping_status":"closed","template":"","meta":{"_monsterinsights_skip_tracking":false,"_monsterinsights_sitenote_active":false,"_monsterinsights_sitenote_note":"","_monsterinsights_sitenote_category":0,"_uf_show_specific_survey":0,"_uf_disable_surveys":false,"footnotes":""},"class_list":["post-19","page","type-page","status-publish","hentry"],"yoast_head":"<!-- This site is optimized with the Yoast SEO plugin v27.3 - https:\/\/yoast.com\/product\/yoast-seo-wordpress\/ -->\n<title>Contact - Shayan Law Firm<\/title>\n<meta name=\"robots\" content=\"index, follow, max-snippet:-1, max-image-preview:large, max-video-preview:-1\" \/>\n<link rel=\"canonical\" href=\"https:\/\/shayanfirm.com\/es\/contact\/\" \/>\n<meta property=\"og:locale\" content=\"es_MX\" \/>\n<meta property=\"og:type\" content=\"article\" \/>\n<meta property=\"og:title\" content=\"Contact - Shayan Law Firm\" \/>\n<meta property=\"og:description\" content=\"The Law Offices of Kamyar R. Shayan invite calls from potential clients and other referrals, whether local or out-of-state. If you have a personal injury issues that you need help with, please call or e-mail us anytime. We are in practice to serve your personal injury needs. Complete and submit the form below or call&hellip; Continue Reading Contact\" \/>\n<meta property=\"og:url\" content=\"https:\/\/shayanfirm.com\/es\/contact\/\" \/>\n<meta property=\"og:site_name\" content=\"Shayan Law Firm\" \/>\n<meta property=\"article:modified_time\" content=\"2023-12-28T03:30:29+00:00\" \/>\n<meta property=\"og:image\" content=\"https:\/\/shayanfirm.com\/wp-content\/uploads\/2023\/10\/shayanlogoorange.png\" \/>\n\t<meta property=\"og:image:width\" content=\"350\" \/>\n\t<meta property=\"og:image:height\" content=\"100\" \/>\n\t<meta property=\"og:image:type\" content=\"image\/png\" \/>\n<meta name=\"twitter:card\" content=\"summary_large_image\" \/>\n<script type=\"application\/ld+json\" class=\"yoast-schema-graph\">{\"@context\":\"https:\\\/\\\/schema.org\",\"@graph\":[{\"@type\":\"WebPage\",\"@id\":\"https:\\\/\\\/shayanfirm.com\\\/contact\\\/\",\"url\":\"https:\\\/\\\/shayanfirm.com\\\/contact\\\/\",\"name\":\"Contact - Shayan Law Firm\",\"isPartOf\":{\"@id\":\"https:\\\/\\\/shayanfirm.com\\\/#website\"},\"datePublished\":\"2023-10-01T13:23:00+00:00\",\"dateModified\":\"2023-12-28T03:30:29+00:00\",\"breadcrumb\":{\"@id\":\"https:\\\/\\\/shayanfirm.com\\\/contact\\\/#breadcrumb\"},\"inLanguage\":\"es\",\"potentialAction\":[{\"@type\":\"ReadAction\",\"target\":[\"https:\\\/\\\/shayanfirm.com\\\/contact\\\/\"]}]},{\"@type\":\"BreadcrumbList\",\"@id\":\"https:\\\/\\\/shayanfirm.com\\\/contact\\\/#breadcrumb\",\"itemListElement\":[{\"@type\":\"ListItem\",\"position\":1,\"name\":\"Home\",\"item\":\"https:\\\/\\\/shayanfirm.com\\\/\"},{\"@type\":\"ListItem\",\"position\":2,\"name\":\"Contact\"}]},{\"@type\":\"WebSite\",\"@id\":\"https:\\\/\\\/shayanfirm.com\\\/#website\",\"url\":\"https:\\\/\\\/shayanfirm.com\\\/\",\"name\":\"Shayan Law Firm\",\"description\":\"\",\"publisher\":{\"@id\":\"https:\\\/\\\/shayanfirm.com\\\/#organization\"},\"alternateName\":\"Law Offices of Kamyar R. Shayan\",\"potentialAction\":[{\"@type\":\"SearchAction\",\"target\":{\"@type\":\"EntryPoint\",\"urlTemplate\":\"https:\\\/\\\/shayanfirm.com\\\/?s={search_term_string}\"},\"query-input\":{\"@type\":\"PropertyValueSpecification\",\"valueRequired\":true,\"valueName\":\"search_term_string\"}}],\"inLanguage\":\"es\"},{\"@type\":\"Organization\",\"@id\":\"https:\\\/\\\/shayanfirm.com\\\/#organization\",\"name\":\"Law Offices of Kamyar R. Shayan\",\"url\":\"https:\\\/\\\/shayanfirm.com\\\/\",\"logo\":{\"@type\":\"ImageObject\",\"inLanguage\":\"es\",\"@id\":\"https:\\\/\\\/shayanfirm.com\\\/#\\\/schema\\\/logo\\\/image\\\/\",\"url\":\"https:\\\/\\\/shayanfirm.com\\\/wp-content\\\/uploads\\\/2023\\\/12\\\/seologo.jpg\",\"contentUrl\":\"https:\\\/\\\/shayanfirm.com\\\/wp-content\\\/uploads\\\/2023\\\/12\\\/seologo.jpg\",\"width\":558,\"height\":558,\"caption\":\"Law Offices of Kamyar R. Shayan\"},\"image\":{\"@id\":\"https:\\\/\\\/shayanfirm.com\\\/#\\\/schema\\\/logo\\\/image\\\/\"}}]}<\/script>\n<!-- \/ Yoast SEO plugin. -->","yoast_head_json":{"title":"Contact - Shayan Law Firm","robots":{"index":"index","follow":"follow","max-snippet":"max-snippet:-1","max-image-preview":"max-image-preview:large","max-video-preview":"max-video-preview:-1"},"canonical":"https:\/\/shayanfirm.com\/es\/contact\/","og_locale":"es_MX","og_type":"article","og_title":"Contact - Shayan Law Firm","og_description":"The Law Offices of Kamyar R. Shayan invite calls from potential clients and other referrals, whether local or out-of-state. If you have a personal injury issues that you need help with, please call or e-mail us anytime. We are in practice to serve your personal injury needs. Complete and submit the form below or call&hellip; Continue Reading Contact","og_url":"https:\/\/shayanfirm.com\/es\/contact\/","og_site_name":"Shayan Law Firm","article_modified_time":"2023-12-28T03:30:29+00:00","og_image":[{"width":350,"height":100,"url":"https:\/\/shayanfirm.com\/wp-content\/uploads\/2023\/10\/shayanlogoorange.png","type":"image\/png"}],"twitter_card":"summary_large_image","schema":{"@context":"https:\/\/schema.org","@graph":[{"@type":"WebPage","@id":"https:\/\/shayanfirm.com\/contact\/","url":"https:\/\/shayanfirm.com\/contact\/","name":"Contact - Shayan Law Firm","isPartOf":{"@id":"https:\/\/shayanfirm.com\/#website"},"datePublished":"2023-10-01T13:23:00+00:00","dateModified":"2023-12-28T03:30:29+00:00","breadcrumb":{"@id":"https:\/\/shayanfirm.com\/contact\/#breadcrumb"},"inLanguage":"es","potentialAction":[{"@type":"ReadAction","target":["https:\/\/shayanfirm.com\/contact\/"]}]},{"@type":"BreadcrumbList","@id":"https:\/\/shayanfirm.com\/contact\/#breadcrumb","itemListElement":[{"@type":"ListItem","position":1,"name":"Home","item":"https:\/\/shayanfirm.com\/"},{"@type":"ListItem","position":2,"name":"Contact"}]},{"@type":"WebSite","@id":"https:\/\/shayanfirm.com\/#website","url":"https:\/\/shayanfirm.com\/","name":"Shayan Law Firm","description":"","publisher":{"@id":"https:\/\/shayanfirm.com\/#organization"},"alternateName":"Law Offices of Kamyar R. Shayan","potentialAction":[{"@type":"SearchAction","target":{"@type":"EntryPoint","urlTemplate":"https:\/\/shayanfirm.com\/?s={search_term_string}"},"query-input":{"@type":"PropertyValueSpecification","valueRequired":true,"valueName":"search_term_string"}}],"inLanguage":"es"},{"@type":"Organization","@id":"https:\/\/shayanfirm.com\/#organization","name":"Oficiales legales de Kamyar R. Shayan","url":"https:\/\/shayanfirm.com\/","logo":{"@type":"ImageObject","inLanguage":"es","@id":"https:\/\/shayanfirm.com\/#\/schema\/logo\/image\/","url":"https:\/\/shayanfirm.com\/wp-content\/uploads\/2023\/12\/seologo.jpg","contentUrl":"https:\/\/shayanfirm.com\/wp-content\/uploads\/2023\/12\/seologo.jpg","width":558,"height":558,"caption":"Law Offices of Kamyar R. Shayan"},"image":{"@id":"https:\/\/shayanfirm.com\/#\/schema\/logo\/image\/"}}]}},"_links":{"self":[{"href":"https:\/\/shayanfirm.com\/es\/wp-json\/wp\/v2\/pages\/19","targetHints":{"allow":["GET"]}}],"collection":[{"href":"https:\/\/shayanfirm.com\/es\/wp-json\/wp\/v2\/pages"}],"about":[{"href":"https:\/\/shayanfirm.com\/es\/wp-json\/wp\/v2\/types\/page"}],"author":[{"embeddable":true,"href":"https:\/\/shayanfirm.com\/es\/wp-json\/wp\/v2\/users\/2"}],"replies":[{"embeddable":true,"href":"https:\/\/shayanfirm.com\/es\/wp-json\/wp\/v2\/comments?post=19"}],"version-history":[{"count":38,"href":"https:\/\/shayanfirm.com\/es\/wp-json\/wp\/v2\/pages\/19\/revisions"}],"predecessor-version":[{"id":788,"href":"https:\/\/shayanfirm.com\/es\/wp-json\/wp\/v2\/pages\/19\/revisions\/788"}],"wp:attachment":[{"href":"https:\/\/shayanfirm.com\/es\/wp-json\/wp\/v2\/media?parent=19"}],"curies":[{"name":"wp","href":"https:\/\/api.w.org\/{rel}","templated":true}]}}