{"id":13,"date":"2023-10-01T13:22:27","date_gmt":"2023-10-01T13:22:27","guid":{"rendered":"http:\/\/shayanfirm.com\/?page_id=13"},"modified":"2024-02-12T14:42:04","modified_gmt":"2024-02-12T22:42:04","slug":"about","status":"publish","type":"page","link":"https:\/\/shayanfirm.com\/es\/about\/","title":{"rendered":"Acerca de"},"content":{"rendered":"<p>&nbsp;<\/p>\n<p>&nbsp;<\/p>\n<p>Con m\u00e1s de dos d\u00e9cadas de experiencia, las Oficinas Legales de Kamyar R. Shayan se comprometen a proporcionar servicios de asesoramiento, negociaci\u00f3n y litigaci\u00f3n de primera calidad a empresas e individuos. Con oficinas en Los \u00c1ngeles, California, podemos representar eficazmente a clientes en el Sur y el Norte de California. Desde nuestra oficina principal en Los \u00c1ngeles, trabajamos diligentemente para obtener justicia para las v\u00edctimas de lesiones.<\/p>\n<p><strong>Nuestra Filosof\u00eda<\/strong><\/p>\n<p>En las Oficinas Legales de Kamyar R. Shayan, creemos firmemente que todos merecen acceso a una representaci\u00f3n legal de alta calidad, independientemente de su situaci\u00f3n financiera o antecedentes. Representamos a clientes de todos los \u00e1mbitos, con antecedentes diversos, incluidos ciudadanos estadounidenses, inmigrantes e incluso aquellos sin estatus migratorio definido. Nuestro compromiso se deriva de la creencia de que nuestra justicia no est\u00e1 y no debe estar limitada solo a aquellos que son ricos o tienen los medios financieros para pagar enormes facturas legales. Nuestro sistema de justicia se desmorona si solo las corporaciones adineradas y las compa\u00f1\u00edas de seguros pueden contratar a los mejores y m\u00e1s brillantes abogados.<\/p>\n<p>Nuestro objetivo es nivelar el campo de juego proporcionando a toda la gente la mejor representaci\u00f3n legal y resultados. Creemos en nuestros clientes y sus casos, raz\u00f3n por la cual trabajamos bajo un sistema de honorarios de contingencia. Esto significa que nuestros clientes no pagan honorarios de abogados o costos hasta que ganemos su caso. Lo que nos diferencia de otros bufetes de abogados es nuestra dedicaci\u00f3n a ser receptivos, personales y atentos con nuestros clientes.<\/p>\n<p><strong>Nuestro Historial<\/strong><\/p>\n<p>Con miles de clientes representados a lo largo de dos d\u00e9cadas, hemos obtenido millones de d\u00f3lares en veredictos y acuerdos. Como abogados de juicio con reputaciones bien ganadas, obtenemos los mejores acuerdos de las compa\u00f1\u00edas de seguros porque preparamos cada caso desde su inicio con la intenci\u00f3n de ir a juicio. Al responsabilizar plenamente a los infractores por su mala conducta, no solo aseguramos justicia para nuestros clientes, sino que tambi\u00e9n contribuimos a una sociedad m\u00e1s segura para todos.<\/p>\n<p>&nbsp;<\/p>\n<p>&nbsp;<\/p>\n<p>&nbsp;<\/p>\n<p>&nbsp;<\/p>\n<p>&nbsp;<\/p>\n<p>&nbsp;<\/p>","protected":false},"excerpt":{"rendered":"<p>&nbsp; &nbsp; With over two decades of experience, the Law Offices of Kamyar R. Shayan is committed to providing premium counseling, negotiation, and litigation services to businesses and individuals. With offices in Los Angeles, California, we can effectively represent clients in Southern and Northern California. From our Primary office in Los Angeles, we work diligently&hellip; <a class=\"continue\" href=\"https:\/\/shayanfirm.com\/es\/about\/\">Continue Reading<span> Acerca de<\/span><\/a><\/p>","protected":false},"author":2,"featured_media":0,"parent":0,"menu_order":0,"comment_status":"closed","ping_status":"closed","template":"","meta":{"_monsterinsights_skip_tracking":false,"_monsterinsights_sitenote_active":false,"_monsterinsights_sitenote_note":"","_monsterinsights_sitenote_category":0,"_uf_show_specific_survey":0,"_uf_disable_surveys":false,"footnotes":""},"class_list":["post-13","page","type-page","status-publish","hentry"],"yoast_head":"<!-- This site is optimized with the Yoast SEO plugin v27.3 - https:\/\/yoast.com\/product\/yoast-seo-wordpress\/ -->\n<title>About - Shayan Law Firm<\/title>\n<meta name=\"robots\" content=\"index, follow, max-snippet:-1, max-image-preview:large, max-video-preview:-1\" \/>\n<link rel=\"canonical\" href=\"https:\/\/shayanfirm.com\/es\/about\/\" \/>\n<meta property=\"og:locale\" content=\"es_MX\" \/>\n<meta property=\"og:type\" content=\"article\" \/>\n<meta property=\"og:title\" content=\"About - Shayan Law Firm\" \/>\n<meta property=\"og:description\" content=\"&nbsp; &nbsp; With over two decades of experience, the Law Offices of Kamyar R. Shayan is committed to providing premium counseling, negotiation, and litigation services to businesses and individuals. With offices in Los Angeles, California, we can effectively represent clients in Southern and Northern California. From our Primary office in Los Angeles, we work diligently&hellip; Continue Reading About\" \/>\n<meta property=\"og:url\" content=\"https:\/\/shayanfirm.com\/es\/about\/\" \/>\n<meta property=\"og:site_name\" content=\"Shayan Law Firm\" \/>\n<meta property=\"article:modified_time\" content=\"2024-02-12T22:42:04+00:00\" \/>\n<meta property=\"og:image\" content=\"https:\/\/shayanfirm.com\/wp-content\/uploads\/2023\/10\/shayanlogoorange.png\" \/>\n\t<meta property=\"og:image:width\" content=\"350\" \/>\n\t<meta property=\"og:image:height\" content=\"100\" \/>\n\t<meta property=\"og:image:type\" content=\"image\/png\" \/>\n<meta name=\"twitter:card\" content=\"summary_large_image\" \/>\n<meta name=\"twitter:label1\" content=\"Tiempo de lectura\" \/>\n\t<meta name=\"twitter:data1\" content=\"2 minutos\" \/>\n<script type=\"application\/ld+json\" class=\"yoast-schema-graph\">{\"@context\":\"https:\\\/\\\/schema.org\",\"@graph\":[{\"@type\":\"WebPage\",\"@id\":\"https:\\\/\\\/shayanfirm.com\\\/about\\\/\",\"url\":\"https:\\\/\\\/shayanfirm.com\\\/about\\\/\",\"name\":\"About - Shayan Law Firm\",\"isPartOf\":{\"@id\":\"https:\\\/\\\/shayanfirm.com\\\/#website\"},\"datePublished\":\"2023-10-01T13:22:27+00:00\",\"dateModified\":\"2024-02-12T22:42:04+00:00\",\"breadcrumb\":{\"@id\":\"https:\\\/\\\/shayanfirm.com\\\/about\\\/#breadcrumb\"},\"inLanguage\":\"es\",\"potentialAction\":[{\"@type\":\"ReadAction\",\"target\":[\"https:\\\/\\\/shayanfirm.com\\\/about\\\/\"]}]},{\"@type\":\"BreadcrumbList\",\"@id\":\"https:\\\/\\\/shayanfirm.com\\\/about\\\/#breadcrumb\",\"itemListElement\":[{\"@type\":\"ListItem\",\"position\":1,\"name\":\"Home\",\"item\":\"https:\\\/\\\/shayanfirm.com\\\/\"},{\"@type\":\"ListItem\",\"position\":2,\"name\":\"About\"}]},{\"@type\":\"WebSite\",\"@id\":\"https:\\\/\\\/shayanfirm.com\\\/#website\",\"url\":\"https:\\\/\\\/shayanfirm.com\\\/\",\"name\":\"Shayan Law Firm\",\"description\":\"\",\"publisher\":{\"@id\":\"https:\\\/\\\/shayanfirm.com\\\/#organization\"},\"alternateName\":\"Law Offices of Kamyar R. Shayan\",\"potentialAction\":[{\"@type\":\"SearchAction\",\"target\":{\"@type\":\"EntryPoint\",\"urlTemplate\":\"https:\\\/\\\/shayanfirm.com\\\/?s={search_term_string}\"},\"query-input\":{\"@type\":\"PropertyValueSpecification\",\"valueRequired\":true,\"valueName\":\"search_term_string\"}}],\"inLanguage\":\"es\"},{\"@type\":\"Organization\",\"@id\":\"https:\\\/\\\/shayanfirm.com\\\/#organization\",\"name\":\"Law Offices of Kamyar R. Shayan\",\"url\":\"https:\\\/\\\/shayanfirm.com\\\/\",\"logo\":{\"@type\":\"ImageObject\",\"inLanguage\":\"es\",\"@id\":\"https:\\\/\\\/shayanfirm.com\\\/#\\\/schema\\\/logo\\\/image\\\/\",\"url\":\"https:\\\/\\\/shayanfirm.com\\\/wp-content\\\/uploads\\\/2023\\\/12\\\/seologo.jpg\",\"contentUrl\":\"https:\\\/\\\/shayanfirm.com\\\/wp-content\\\/uploads\\\/2023\\\/12\\\/seologo.jpg\",\"width\":558,\"height\":558,\"caption\":\"Law Offices of Kamyar R. Shayan\"},\"image\":{\"@id\":\"https:\\\/\\\/shayanfirm.com\\\/#\\\/schema\\\/logo\\\/image\\\/\"}}]}<\/script>\n<!-- \/ Yoast SEO plugin. -->","yoast_head_json":{"title":"About - Shayan Law Firm","robots":{"index":"index","follow":"follow","max-snippet":"max-snippet:-1","max-image-preview":"max-image-preview:large","max-video-preview":"max-video-preview:-1"},"canonical":"https:\/\/shayanfirm.com\/es\/about\/","og_locale":"es_MX","og_type":"article","og_title":"About - Shayan Law Firm","og_description":"&nbsp; &nbsp; With over two decades of experience, the Law Offices of Kamyar R. Shayan is committed to providing premium counseling, negotiation, and litigation services to businesses and individuals. With offices in Los Angeles, California, we can effectively represent clients in Southern and Northern California. From our Primary office in Los Angeles, we work diligently&hellip; Continue Reading About","og_url":"https:\/\/shayanfirm.com\/es\/about\/","og_site_name":"Shayan Law Firm","article_modified_time":"2024-02-12T22:42:04+00:00","og_image":[{"width":350,"height":100,"url":"https:\/\/shayanfirm.com\/wp-content\/uploads\/2023\/10\/shayanlogoorange.png","type":"image\/png"}],"twitter_card":"summary_large_image","twitter_misc":{"Tiempo de lectura":"2 minutos"},"schema":{"@context":"https:\/\/schema.org","@graph":[{"@type":"WebPage","@id":"https:\/\/shayanfirm.com\/about\/","url":"https:\/\/shayanfirm.com\/about\/","name":"About - Shayan Law Firm","isPartOf":{"@id":"https:\/\/shayanfirm.com\/#website"},"datePublished":"2023-10-01T13:22:27+00:00","dateModified":"2024-02-12T22:42:04+00:00","breadcrumb":{"@id":"https:\/\/shayanfirm.com\/about\/#breadcrumb"},"inLanguage":"es","potentialAction":[{"@type":"ReadAction","target":["https:\/\/shayanfirm.com\/about\/"]}]},{"@type":"BreadcrumbList","@id":"https:\/\/shayanfirm.com\/about\/#breadcrumb","itemListElement":[{"@type":"ListItem","position":1,"name":"Home","item":"https:\/\/shayanfirm.com\/"},{"@type":"ListItem","position":2,"name":"About"}]},{"@type":"WebSite","@id":"https:\/\/shayanfirm.com\/#website","url":"https:\/\/shayanfirm.com\/","name":"Shayan Law Firm","description":"","publisher":{"@id":"https:\/\/shayanfirm.com\/#organization"},"alternateName":"Law Offices of Kamyar R. Shayan","potentialAction":[{"@type":"SearchAction","target":{"@type":"EntryPoint","urlTemplate":"https:\/\/shayanfirm.com\/?s={search_term_string}"},"query-input":{"@type":"PropertyValueSpecification","valueRequired":true,"valueName":"search_term_string"}}],"inLanguage":"es"},{"@type":"Organization","@id":"https:\/\/shayanfirm.com\/#organization","name":"Oficiales legales de Kamyar R. Shayan","url":"https:\/\/shayanfirm.com\/","logo":{"@type":"ImageObject","inLanguage":"es","@id":"https:\/\/shayanfirm.com\/#\/schema\/logo\/image\/","url":"https:\/\/shayanfirm.com\/wp-content\/uploads\/2023\/12\/seologo.jpg","contentUrl":"https:\/\/shayanfirm.com\/wp-content\/uploads\/2023\/12\/seologo.jpg","width":558,"height":558,"caption":"Law Offices of Kamyar R. Shayan"},"image":{"@id":"https:\/\/shayanfirm.com\/#\/schema\/logo\/image\/"}}]}},"_links":{"self":[{"href":"https:\/\/shayanfirm.com\/es\/wp-json\/wp\/v2\/pages\/13","targetHints":{"allow":["GET"]}}],"collection":[{"href":"https:\/\/shayanfirm.com\/es\/wp-json\/wp\/v2\/pages"}],"about":[{"href":"https:\/\/shayanfirm.com\/es\/wp-json\/wp\/v2\/types\/page"}],"author":[{"embeddable":true,"href":"https:\/\/shayanfirm.com\/es\/wp-json\/wp\/v2\/users\/2"}],"replies":[{"embeddable":true,"href":"https:\/\/shayanfirm.com\/es\/wp-json\/wp\/v2\/comments?post=13"}],"version-history":[{"count":17,"href":"https:\/\/shayanfirm.com\/es\/wp-json\/wp\/v2\/pages\/13\/revisions"}],"predecessor-version":[{"id":839,"href":"https:\/\/shayanfirm.com\/es\/wp-json\/wp\/v2\/pages\/13\/revisions\/839"}],"wp:attachment":[{"href":"https:\/\/shayanfirm.com\/es\/wp-json\/wp\/v2\/media?parent=13"}],"curies":[{"name":"wp","href":"https:\/\/api.w.org\/{rel}","templated":true}]}}